{"id":79,"date":"2025-07-05T00:35:41","date_gmt":"2025-07-04T22:35:41","guid":{"rendered":"https:\/\/serwer2010675.home.pl\/autoinstalator\/wordpressplugins\/?page_id=79"},"modified":"2025-07-09T19:42:11","modified_gmt":"2025-07-09T17:42:11","slug":"kontakt","status":"publish","type":"page","link":"https:\/\/fundacjasas.pl\/index.php\/kontakt\/","title":{"rendered":"Kontakt"},"content":{"rendered":"\n<p class=\"has-medium-font-size\">Fundacja System Aktywizacji Seniora<br>ul. Jana Muszy\u0144skiego 2, 90-151 \u0141\u00f3d\u017a<br>NIP: 7272835716 KRS: 0000773936<br>tel. +48 607 47 47 74<\/p>\n\n\n\n<p class=\"has-large-font-size\">FORMULARZ KONTAKTOWY<\/p>\n\n\n<div class=\"wpforms-container wpforms-container-full wpforms-block wpforms-block-468f5adc-706c-4cfb-a325-4448fcb5f232 wpforms-render-modern\" id=\"wpforms-222\"><form id=\"wpforms-form-222\" class=\"wpforms-validate wpforms-form wpforms-ajax-form\" data-formid=\"222\" method=\"post\" enctype=\"multipart\/form-data\" action=\"\/index.php\/wp-json\/wp\/v2\/pages\/79\" data-token=\"f804324fc29d4d0b3af2805826e33e1f\" data-token-time=\"1776677892\"><noscript class=\"wpforms-error-noscript\">Aby wype\u0142ni\u0107 ten formularz, w\u0142\u0105cz obs\u0142ug\u0119 JavaScript w przegl\u0105darce.<\/noscript><div id=\"wpforms-error-noscript\" style=\"display: none;\">Aby wype\u0142ni\u0107 ten formularz, w\u0142\u0105cz obs\u0142ug\u0119 JavaScript w przegl\u0105darce.<\/div><div class=\"wpforms-field-container\"><div id=\"wpforms-222-field_1-container\" class=\"wpforms-field wpforms-field-name\" data-field-id=\"1\"><fieldset><legend class=\"wpforms-field-label\">Imi\u0119 i nazwisko <span class=\"wpforms-required-label\" aria-hidden=\"true\">*<\/span><\/legend><div class=\"wpforms-field-row wpforms-field-medium\"><div class=\"wpforms-field-row-block wpforms-first wpforms-one-half\"><input type=\"text\" id=\"wpforms-222-field_1\" class=\"wpforms-field-name-first wpforms-field-required\" name=\"wpforms[fields][1][first]\" aria-errormessage=\"wpforms-222-field_1-error\" required><label for=\"wpforms-222-field_1\" class=\"wpforms-field-sublabel after\">Pierwszy<\/label><\/div><div class=\"wpforms-field-row-block wpforms-one-half\"><input type=\"text\" id=\"wpforms-222-field_1-last\" class=\"wpforms-field-name-last wpforms-field-required\" name=\"wpforms[fields][1][last]\" aria-errormessage=\"wpforms-222-field_1-last-error\" required><label for=\"wpforms-222-field_1-last\" class=\"wpforms-field-sublabel after\">Ostatni<\/label><\/div><\/div><\/fieldset><\/div>\t\t<div id=\"wpforms-222-field_4-container\"\n\t\t\tclass=\"wpforms-field wpforms-field-text\"\n\t\t\tdata-field-type=\"text\"\n\t\t\tdata-field-id=\"4\"\n\t\t\t>\n\t\t\t<label class=\"wpforms-field-label\" for=\"wpforms-222-field_4\" >wiadomo\u015b\u0107 Komentarz Imi\u0119<\/label>\n\t\t\t<input type=\"text\" id=\"wpforms-222-field_4\" class=\"wpforms-field-medium\" name=\"wpforms[fields][4]\" >\n\t\t<\/div>\n\t\t<div id=\"wpforms-222-field_2-container\" class=\"wpforms-field wpforms-field-email\" data-field-id=\"2\"><label class=\"wpforms-field-label\" for=\"wpforms-222-field_2\">Adres e-mail <span class=\"wpforms-required-label\" aria-hidden=\"true\">*<\/span><\/label><input type=\"email\" id=\"wpforms-222-field_2\" class=\"wpforms-field-medium wpforms-field-required\" name=\"wpforms[fields][2]\" spellcheck=\"false\" aria-errormessage=\"wpforms-222-field_2-error\" required><\/div><div id=\"wpforms-222-field_3-container\" class=\"wpforms-field wpforms-field-textarea\" data-field-id=\"3\"><label class=\"wpforms-field-label\" for=\"wpforms-222-field_3\">Komentarz lub wiadomo\u015b\u0107<\/label><textarea id=\"wpforms-222-field_3\" class=\"wpforms-field-medium\" name=\"wpforms[fields][3]\" aria-errormessage=\"wpforms-222-field_3-error\" ><\/textarea><\/div><script>\n\t\t\t\t( function() {\n\t\t\t\t\tconst style = document.createElement( 'style' );\n\t\t\t\t\tstyle.appendChild( document.createTextNode( '#wpforms-222-field_4-container { position: absolute !important; overflow: hidden !important; display: inline !important; height: 1px !important; width: 1px !important; z-index: -1000 !important; padding: 0 !important; } #wpforms-222-field_4-container input { visibility: hidden; } #wpforms-conversational-form-page #wpforms-222-field_4-container label { counter-increment: none; }' ) );\n\t\t\t\t\tdocument.head.appendChild( style );\n\t\t\t\t\tdocument.currentScript?.remove();\n\t\t\t\t} )();\n\t\t\t<\/script><\/div><!-- .wpforms-field-container --><div class=\"wpforms-recaptcha-container wpforms-is-recaptcha wpforms-is-recaptcha-type-v3\" ><input type=\"hidden\" name=\"wpforms[recaptcha]\" value=\"\"><\/div><div class=\"wpforms-submit-container\" ><input type=\"hidden\" name=\"wpforms[id]\" value=\"222\"><input type=\"hidden\" name=\"page_title\" value=\"\"><input type=\"hidden\" name=\"page_url\" value=\"https:\/\/fundacjasas.pl\/index.php\/wp-json\/wp\/v2\/pages\/79\"><input type=\"hidden\" name=\"url_referer\" value=\"\"><button type=\"submit\" name=\"wpforms[submit]\" id=\"wpforms-submit-222\" class=\"wpforms-submit\" data-alt-text=\"Wysy\u0142anie...\" data-submit-text=\"Prze\u015blij\" aria-live=\"assertive\" value=\"wpforms-submit\">Prze\u015blij<\/button><img loading=\"lazy\" decoding=\"async\" src=\"https:\/\/fundacjasas.pl\/wp-content\/plugins\/wpforms-lite\/assets\/images\/submit-spin.svg\" class=\"wpforms-submit-spinner\" style=\"display: none;\" width=\"26\" height=\"26\" alt=\"Wczytywanie\"><\/div><\/form><\/div>  <!-- .wpforms-container -->","protected":false},"excerpt":{"rendered":"<p>Fundacja System Aktywizacji Senioraul. Jana Muszy\u0144skiego 2, 90-151 \u0141\u00f3d\u017aNIP: 7272835716 KRS: 0000773936tel. +48 607 47 47 74 FORMULARZ KONTAKTOWY<\/p>\n","protected":false},"author":1,"featured_media":0,"parent":0,"menu_order":0,"comment_status":"closed","ping_status":"closed","template":"","meta":{"footnotes":""},"class_list":["post-79","page","type-page","status-publish","hentry"],"yoast_head":"<!-- This site is optimized with the Yoast SEO plugin v27.4 - https:\/\/yoast.com\/product\/yoast-seo-wordpress\/ -->\n<title>Kontakt - Fundacja System Aktywizacji Seniora<\/title>\n<meta name=\"robots\" content=\"index, follow, max-snippet:-1, max-image-preview:large, max-video-preview:-1\" \/>\n<link rel=\"canonical\" href=\"https:\/\/fundacjasas.pl\/index.php\/kontakt\/\" \/>\n<meta property=\"og:locale\" content=\"pl_PL\" \/>\n<meta property=\"og:type\" content=\"article\" \/>\n<meta property=\"og:title\" content=\"Kontakt - Fundacja System Aktywizacji Seniora\" \/>\n<meta property=\"og:description\" content=\"Fundacja System Aktywizacji Senioraul. Jana Muszy\u0144skiego 2, 90-151 \u0141\u00f3d\u017aNIP: 7272835716 KRS: 0000773936tel. +48 607 47 47 74 FORMULARZ KONTAKTOWY\" \/>\n<meta property=\"og:url\" content=\"https:\/\/fundacjasas.pl\/index.php\/kontakt\/\" \/>\n<meta property=\"og:site_name\" content=\"Fundacja System Aktywizacji Seniora\" \/>\n<meta property=\"article:modified_time\" content=\"2025-07-09T17:42:11+00:00\" \/>\n<meta name=\"twitter:card\" content=\"summary_large_image\" \/>\n<meta name=\"twitter:label1\" content=\"Szacowany czas czytania\" \/>\n\t<meta name=\"twitter:data1\" content=\"1 minuta\" \/>\n<script type=\"application\/ld+json\" class=\"yoast-schema-graph\">{\"@context\":\"https:\\\/\\\/schema.org\",\"@graph\":[{\"@type\":\"WebPage\",\"@id\":\"https:\\\/\\\/fundacjasas.pl\\\/index.php\\\/kontakt\\\/\",\"url\":\"https:\\\/\\\/fundacjasas.pl\\\/index.php\\\/kontakt\\\/\",\"name\":\"Kontakt - Fundacja System Aktywizacji Seniora\",\"isPartOf\":{\"@id\":\"https:\\\/\\\/fundacjasas.pl\\\/#website\"},\"datePublished\":\"2025-07-04T22:35:41+00:00\",\"dateModified\":\"2025-07-09T17:42:11+00:00\",\"breadcrumb\":{\"@id\":\"https:\\\/\\\/fundacjasas.pl\\\/index.php\\\/kontakt\\\/#breadcrumb\"},\"inLanguage\":\"pl-PL\",\"potentialAction\":[{\"@type\":\"ReadAction\",\"target\":[\"https:\\\/\\\/fundacjasas.pl\\\/index.php\\\/kontakt\\\/\"]}]},{\"@type\":\"BreadcrumbList\",\"@id\":\"https:\\\/\\\/fundacjasas.pl\\\/index.php\\\/kontakt\\\/#breadcrumb\",\"itemListElement\":[{\"@type\":\"ListItem\",\"position\":1,\"name\":\"Home\",\"item\":\"https:\\\/\\\/fundacjasas.pl\\\/\"},{\"@type\":\"ListItem\",\"position\":2,\"name\":\"Kontakt\"}]},{\"@type\":\"WebSite\",\"@id\":\"https:\\\/\\\/fundacjasas.pl\\\/#website\",\"url\":\"https:\\\/\\\/fundacjasas.pl\\\/\",\"name\":\"Fundacja System Aktywizacji Seniora\",\"description\":\"\",\"publisher\":{\"@id\":\"https:\\\/\\\/fundacjasas.pl\\\/#organization\"},\"potentialAction\":[{\"@type\":\"SearchAction\",\"target\":{\"@type\":\"EntryPoint\",\"urlTemplate\":\"https:\\\/\\\/fundacjasas.pl\\\/?s={search_term_string}\"},\"query-input\":{\"@type\":\"PropertyValueSpecification\",\"valueRequired\":true,\"valueName\":\"search_term_string\"}}],\"inLanguage\":\"pl-PL\"},{\"@type\":\"Organization\",\"@id\":\"https:\\\/\\\/fundacjasas.pl\\\/#organization\",\"name\":\"Fundacja System Aktywizacji Seniora\",\"url\":\"https:\\\/\\\/fundacjasas.pl\\\/\",\"logo\":{\"@type\":\"ImageObject\",\"inLanguage\":\"pl-PL\",\"@id\":\"https:\\\/\\\/fundacjasas.pl\\\/#\\\/schema\\\/logo\\\/image\\\/\",\"url\":\"https:\\\/\\\/fundacjasas.pl\\\/wp-content\\\/uploads\\\/2025\\\/07\\\/cropped-logo-senior-FSAS-2.jpg\",\"contentUrl\":\"https:\\\/\\\/fundacjasas.pl\\\/wp-content\\\/uploads\\\/2025\\\/07\\\/cropped-logo-senior-FSAS-2.jpg\",\"width\":700,\"height\":250,\"caption\":\"Fundacja System Aktywizacji Seniora\"},\"image\":{\"@id\":\"https:\\\/\\\/fundacjasas.pl\\\/#\\\/schema\\\/logo\\\/image\\\/\"}}]}<\/script>\n<!-- \/ Yoast SEO plugin. -->","yoast_head_json":{"title":"Kontakt - Fundacja System Aktywizacji Seniora","robots":{"index":"index","follow":"follow","max-snippet":"max-snippet:-1","max-image-preview":"max-image-preview:large","max-video-preview":"max-video-preview:-1"},"canonical":"https:\/\/fundacjasas.pl\/index.php\/kontakt\/","og_locale":"pl_PL","og_type":"article","og_title":"Kontakt - Fundacja System Aktywizacji Seniora","og_description":"Fundacja System Aktywizacji Senioraul. Jana Muszy\u0144skiego 2, 90-151 \u0141\u00f3d\u017aNIP: 7272835716 KRS: 0000773936tel. +48 607 47 47 74 FORMULARZ KONTAKTOWY","og_url":"https:\/\/fundacjasas.pl\/index.php\/kontakt\/","og_site_name":"Fundacja System Aktywizacji Seniora","article_modified_time":"2025-07-09T17:42:11+00:00","twitter_card":"summary_large_image","twitter_misc":{"Szacowany czas czytania":"1 minuta"},"schema":{"@context":"https:\/\/schema.org","@graph":[{"@type":"WebPage","@id":"https:\/\/fundacjasas.pl\/index.php\/kontakt\/","url":"https:\/\/fundacjasas.pl\/index.php\/kontakt\/","name":"Kontakt - Fundacja System Aktywizacji Seniora","isPartOf":{"@id":"https:\/\/fundacjasas.pl\/#website"},"datePublished":"2025-07-04T22:35:41+00:00","dateModified":"2025-07-09T17:42:11+00:00","breadcrumb":{"@id":"https:\/\/fundacjasas.pl\/index.php\/kontakt\/#breadcrumb"},"inLanguage":"pl-PL","potentialAction":[{"@type":"ReadAction","target":["https:\/\/fundacjasas.pl\/index.php\/kontakt\/"]}]},{"@type":"BreadcrumbList","@id":"https:\/\/fundacjasas.pl\/index.php\/kontakt\/#breadcrumb","itemListElement":[{"@type":"ListItem","position":1,"name":"Home","item":"https:\/\/fundacjasas.pl\/"},{"@type":"ListItem","position":2,"name":"Kontakt"}]},{"@type":"WebSite","@id":"https:\/\/fundacjasas.pl\/#website","url":"https:\/\/fundacjasas.pl\/","name":"Fundacja System Aktywizacji Seniora","description":"","publisher":{"@id":"https:\/\/fundacjasas.pl\/#organization"},"potentialAction":[{"@type":"SearchAction","target":{"@type":"EntryPoint","urlTemplate":"https:\/\/fundacjasas.pl\/?s={search_term_string}"},"query-input":{"@type":"PropertyValueSpecification","valueRequired":true,"valueName":"search_term_string"}}],"inLanguage":"pl-PL"},{"@type":"Organization","@id":"https:\/\/fundacjasas.pl\/#organization","name":"Fundacja System Aktywizacji Seniora","url":"https:\/\/fundacjasas.pl\/","logo":{"@type":"ImageObject","inLanguage":"pl-PL","@id":"https:\/\/fundacjasas.pl\/#\/schema\/logo\/image\/","url":"https:\/\/fundacjasas.pl\/wp-content\/uploads\/2025\/07\/cropped-logo-senior-FSAS-2.jpg","contentUrl":"https:\/\/fundacjasas.pl\/wp-content\/uploads\/2025\/07\/cropped-logo-senior-FSAS-2.jpg","width":700,"height":250,"caption":"Fundacja System Aktywizacji Seniora"},"image":{"@id":"https:\/\/fundacjasas.pl\/#\/schema\/logo\/image\/"}}]}},"_links":{"self":[{"href":"https:\/\/fundacjasas.pl\/index.php\/wp-json\/wp\/v2\/pages\/79","targetHints":{"allow":["GET"]}}],"collection":[{"href":"https:\/\/fundacjasas.pl\/index.php\/wp-json\/wp\/v2\/pages"}],"about":[{"href":"https:\/\/fundacjasas.pl\/index.php\/wp-json\/wp\/v2\/types\/page"}],"author":[{"embeddable":true,"href":"https:\/\/fundacjasas.pl\/index.php\/wp-json\/wp\/v2\/users\/1"}],"replies":[{"embeddable":true,"href":"https:\/\/fundacjasas.pl\/index.php\/wp-json\/wp\/v2\/comments?post=79"}],"version-history":[{"count":5,"href":"https:\/\/fundacjasas.pl\/index.php\/wp-json\/wp\/v2\/pages\/79\/revisions"}],"predecessor-version":[{"id":297,"href":"https:\/\/fundacjasas.pl\/index.php\/wp-json\/wp\/v2\/pages\/79\/revisions\/297"}],"wp:attachment":[{"href":"https:\/\/fundacjasas.pl\/index.php\/wp-json\/wp\/v2\/media?parent=79"}],"curies":[{"name":"wp","href":"https:\/\/api.w.org\/{rel}","templated":true}]}}