{"id":61,"date":"2025-07-05T00:11:03","date_gmt":"2025-07-04T22:11:03","guid":{"rendered":"https:\/\/serwer2010675.home.pl\/autoinstalator\/wordpressplugins\/?page_id=61"},"modified":"2025-07-06T14:56:45","modified_gmt":"2025-07-06T12:56:45","slug":"kampanie","status":"publish","type":"page","link":"https:\/\/fundacjasas.pl\/index.php\/kampanie\/","title":{"rendered":"Kampanie"},"content":{"rendered":"\n<p>Chcesz do\u0142\u0105czy\u0107 do akcji Wspieram \u0141\u00f3dzkich Senior\u00f3w? Skontaktuj si\u0119 z nami<\/p>\n\n\n\n<p><\/p>\n","protected":false},"excerpt":{"rendered":"<p>Chcesz do\u0142\u0105czy\u0107 do akcji Wspieram \u0141\u00f3dzkich Senior\u00f3w? Skontaktuj si\u0119 z nami<\/p>\n","protected":false},"author":1,"featured_media":208,"parent":0,"menu_order":0,"comment_status":"closed","ping_status":"closed","template":"","meta":{"footnotes":""},"class_list":["post-61","page","type-page","status-publish","has-post-thumbnail","hentry"],"yoast_head":"<!-- This site is optimized with the Yoast SEO plugin v27.4 - https:\/\/yoast.com\/product\/yoast-seo-wordpress\/ -->\n<title>Kampanie - Fundacja System Aktywizacji Seniora<\/title>\n<meta name=\"robots\" content=\"index, follow, max-snippet:-1, max-image-preview:large, max-video-preview:-1\" \/>\n<link rel=\"canonical\" href=\"https:\/\/fundacjasas.pl\/index.php\/kampanie\/\" \/>\n<meta property=\"og:locale\" content=\"pl_PL\" \/>\n<meta property=\"og:type\" content=\"article\" \/>\n<meta property=\"og:title\" content=\"Kampanie - Fundacja System Aktywizacji Seniora\" \/>\n<meta property=\"og:description\" content=\"Chcesz do\u0142\u0105czy\u0107 do akcji Wspieram \u0141\u00f3dzkich Senior\u00f3w? Skontaktuj si\u0119 z nami\" \/>\n<meta property=\"og:url\" content=\"https:\/\/fundacjasas.pl\/index.php\/kampanie\/\" \/>\n<meta property=\"og:site_name\" content=\"Fundacja System Aktywizacji Seniora\" \/>\n<meta property=\"article:modified_time\" content=\"2025-07-06T12:56:45+00:00\" \/>\n<meta property=\"og:image\" content=\"https:\/\/fundacjasas.pl\/wp-content\/uploads\/2025\/07\/baner1.jpg\" \/>\n\t<meta property=\"og:image:width\" content=\"1280\" \/>\n\t<meta property=\"og:image:height\" content=\"558\" \/>\n\t<meta property=\"og:image:type\" content=\"image\/jpeg\" \/>\n<meta name=\"twitter:card\" content=\"summary_large_image\" \/>\n<meta name=\"twitter:label1\" content=\"Szacowany czas czytania\" \/>\n\t<meta name=\"twitter:data1\" content=\"1 minuta\" \/>\n<script type=\"application\/ld+json\" class=\"yoast-schema-graph\">{\"@context\":\"https:\\\/\\\/schema.org\",\"@graph\":[{\"@type\":\"WebPage\",\"@id\":\"https:\\\/\\\/fundacjasas.pl\\\/index.php\\\/kampanie\\\/\",\"url\":\"https:\\\/\\\/fundacjasas.pl\\\/index.php\\\/kampanie\\\/\",\"name\":\"Kampanie - Fundacja System Aktywizacji Seniora\",\"isPartOf\":{\"@id\":\"https:\\\/\\\/fundacjasas.pl\\\/#website\"},\"primaryImageOfPage\":{\"@id\":\"https:\\\/\\\/fundacjasas.pl\\\/index.php\\\/kampanie\\\/#primaryimage\"},\"image\":{\"@id\":\"https:\\\/\\\/fundacjasas.pl\\\/index.php\\\/kampanie\\\/#primaryimage\"},\"thumbnailUrl\":\"https:\\\/\\\/fundacjasas.pl\\\/wp-content\\\/uploads\\\/2025\\\/07\\\/baner1.jpg\",\"datePublished\":\"2025-07-04T22:11:03+00:00\",\"dateModified\":\"2025-07-06T12:56:45+00:00\",\"breadcrumb\":{\"@id\":\"https:\\\/\\\/fundacjasas.pl\\\/index.php\\\/kampanie\\\/#breadcrumb\"},\"inLanguage\":\"pl-PL\",\"potentialAction\":[{\"@type\":\"ReadAction\",\"target\":[\"https:\\\/\\\/fundacjasas.pl\\\/index.php\\\/kampanie\\\/\"]}]},{\"@type\":\"ImageObject\",\"inLanguage\":\"pl-PL\",\"@id\":\"https:\\\/\\\/fundacjasas.pl\\\/index.php\\\/kampanie\\\/#primaryimage\",\"url\":\"https:\\\/\\\/fundacjasas.pl\\\/wp-content\\\/uploads\\\/2025\\\/07\\\/baner1.jpg\",\"contentUrl\":\"https:\\\/\\\/fundacjasas.pl\\\/wp-content\\\/uploads\\\/2025\\\/07\\\/baner1.jpg\",\"width\":1280,\"height\":558},{\"@type\":\"BreadcrumbList\",\"@id\":\"https:\\\/\\\/fundacjasas.pl\\\/index.php\\\/kampanie\\\/#breadcrumb\",\"itemListElement\":[{\"@type\":\"ListItem\",\"position\":1,\"name\":\"Home\",\"item\":\"https:\\\/\\\/fundacjasas.pl\\\/\"},{\"@type\":\"ListItem\",\"position\":2,\"name\":\"Kampanie\"}]},{\"@type\":\"WebSite\",\"@id\":\"https:\\\/\\\/fundacjasas.pl\\\/#website\",\"url\":\"https:\\\/\\\/fundacjasas.pl\\\/\",\"name\":\"Fundacja System Aktywizacji Seniora\",\"description\":\"\",\"publisher\":{\"@id\":\"https:\\\/\\\/fundacjasas.pl\\\/#organization\"},\"potentialAction\":[{\"@type\":\"SearchAction\",\"target\":{\"@type\":\"EntryPoint\",\"urlTemplate\":\"https:\\\/\\\/fundacjasas.pl\\\/?s={search_term_string}\"},\"query-input\":{\"@type\":\"PropertyValueSpecification\",\"valueRequired\":true,\"valueName\":\"search_term_string\"}}],\"inLanguage\":\"pl-PL\"},{\"@type\":\"Organization\",\"@id\":\"https:\\\/\\\/fundacjasas.pl\\\/#organization\",\"name\":\"Fundacja System Aktywizacji Seniora\",\"url\":\"https:\\\/\\\/fundacjasas.pl\\\/\",\"logo\":{\"@type\":\"ImageObject\",\"inLanguage\":\"pl-PL\",\"@id\":\"https:\\\/\\\/fundacjasas.pl\\\/#\\\/schema\\\/logo\\\/image\\\/\",\"url\":\"https:\\\/\\\/fundacjasas.pl\\\/wp-content\\\/uploads\\\/2025\\\/07\\\/cropped-logo-senior-FSAS-2.jpg\",\"contentUrl\":\"https:\\\/\\\/fundacjasas.pl\\\/wp-content\\\/uploads\\\/2025\\\/07\\\/cropped-logo-senior-FSAS-2.jpg\",\"width\":700,\"height\":250,\"caption\":\"Fundacja System Aktywizacji Seniora\"},\"image\":{\"@id\":\"https:\\\/\\\/fundacjasas.pl\\\/#\\\/schema\\\/logo\\\/image\\\/\"}}]}<\/script>\n<!-- \/ Yoast SEO plugin. -->","yoast_head_json":{"title":"Kampanie - Fundacja System Aktywizacji Seniora","robots":{"index":"index","follow":"follow","max-snippet":"max-snippet:-1","max-image-preview":"max-image-preview:large","max-video-preview":"max-video-preview:-1"},"canonical":"https:\/\/fundacjasas.pl\/index.php\/kampanie\/","og_locale":"pl_PL","og_type":"article","og_title":"Kampanie - Fundacja System Aktywizacji Seniora","og_description":"Chcesz do\u0142\u0105czy\u0107 do akcji Wspieram \u0141\u00f3dzkich Senior\u00f3w? Skontaktuj si\u0119 z nami","og_url":"https:\/\/fundacjasas.pl\/index.php\/kampanie\/","og_site_name":"Fundacja System Aktywizacji Seniora","article_modified_time":"2025-07-06T12:56:45+00:00","og_image":[{"width":1280,"height":558,"url":"https:\/\/fundacjasas.pl\/wp-content\/uploads\/2025\/07\/baner1.jpg","type":"image\/jpeg"}],"twitter_card":"summary_large_image","twitter_misc":{"Szacowany czas czytania":"1 minuta"},"schema":{"@context":"https:\/\/schema.org","@graph":[{"@type":"WebPage","@id":"https:\/\/fundacjasas.pl\/index.php\/kampanie\/","url":"https:\/\/fundacjasas.pl\/index.php\/kampanie\/","name":"Kampanie - Fundacja System Aktywizacji Seniora","isPartOf":{"@id":"https:\/\/fundacjasas.pl\/#website"},"primaryImageOfPage":{"@id":"https:\/\/fundacjasas.pl\/index.php\/kampanie\/#primaryimage"},"image":{"@id":"https:\/\/fundacjasas.pl\/index.php\/kampanie\/#primaryimage"},"thumbnailUrl":"https:\/\/fundacjasas.pl\/wp-content\/uploads\/2025\/07\/baner1.jpg","datePublished":"2025-07-04T22:11:03+00:00","dateModified":"2025-07-06T12:56:45+00:00","breadcrumb":{"@id":"https:\/\/fundacjasas.pl\/index.php\/kampanie\/#breadcrumb"},"inLanguage":"pl-PL","potentialAction":[{"@type":"ReadAction","target":["https:\/\/fundacjasas.pl\/index.php\/kampanie\/"]}]},{"@type":"ImageObject","inLanguage":"pl-PL","@id":"https:\/\/fundacjasas.pl\/index.php\/kampanie\/#primaryimage","url":"https:\/\/fundacjasas.pl\/wp-content\/uploads\/2025\/07\/baner1.jpg","contentUrl":"https:\/\/fundacjasas.pl\/wp-content\/uploads\/2025\/07\/baner1.jpg","width":1280,"height":558},{"@type":"BreadcrumbList","@id":"https:\/\/fundacjasas.pl\/index.php\/kampanie\/#breadcrumb","itemListElement":[{"@type":"ListItem","position":1,"name":"Home","item":"https:\/\/fundacjasas.pl\/"},{"@type":"ListItem","position":2,"name":"Kampanie"}]},{"@type":"WebSite","@id":"https:\/\/fundacjasas.pl\/#website","url":"https:\/\/fundacjasas.pl\/","name":"Fundacja System Aktywizacji Seniora","description":"","publisher":{"@id":"https:\/\/fundacjasas.pl\/#organization"},"potentialAction":[{"@type":"SearchAction","target":{"@type":"EntryPoint","urlTemplate":"https:\/\/fundacjasas.pl\/?s={search_term_string}"},"query-input":{"@type":"PropertyValueSpecification","valueRequired":true,"valueName":"search_term_string"}}],"inLanguage":"pl-PL"},{"@type":"Organization","@id":"https:\/\/fundacjasas.pl\/#organization","name":"Fundacja System Aktywizacji Seniora","url":"https:\/\/fundacjasas.pl\/","logo":{"@type":"ImageObject","inLanguage":"pl-PL","@id":"https:\/\/fundacjasas.pl\/#\/schema\/logo\/image\/","url":"https:\/\/fundacjasas.pl\/wp-content\/uploads\/2025\/07\/cropped-logo-senior-FSAS-2.jpg","contentUrl":"https:\/\/fundacjasas.pl\/wp-content\/uploads\/2025\/07\/cropped-logo-senior-FSAS-2.jpg","width":700,"height":250,"caption":"Fundacja System Aktywizacji Seniora"},"image":{"@id":"https:\/\/fundacjasas.pl\/#\/schema\/logo\/image\/"}}]}},"_links":{"self":[{"href":"https:\/\/fundacjasas.pl\/index.php\/wp-json\/wp\/v2\/pages\/61","targetHints":{"allow":["GET"]}}],"collection":[{"href":"https:\/\/fundacjasas.pl\/index.php\/wp-json\/wp\/v2\/pages"}],"about":[{"href":"https:\/\/fundacjasas.pl\/index.php\/wp-json\/wp\/v2\/types\/page"}],"author":[{"embeddable":true,"href":"https:\/\/fundacjasas.pl\/index.php\/wp-json\/wp\/v2\/users\/1"}],"replies":[{"embeddable":true,"href":"https:\/\/fundacjasas.pl\/index.php\/wp-json\/wp\/v2\/comments?post=61"}],"version-history":[{"count":1,"href":"https:\/\/fundacjasas.pl\/index.php\/wp-json\/wp\/v2\/pages\/61\/revisions"}],"predecessor-version":[{"id":62,"href":"https:\/\/fundacjasas.pl\/index.php\/wp-json\/wp\/v2\/pages\/61\/revisions\/62"}],"wp:featuredmedia":[{"embeddable":true,"href":"https:\/\/fundacjasas.pl\/index.php\/wp-json\/wp\/v2\/media\/208"}],"wp:attachment":[{"href":"https:\/\/fundacjasas.pl\/index.php\/wp-json\/wp\/v2\/media?parent=61"}],"curies":[{"name":"wp","href":"https:\/\/api.w.org\/{rel}","templated":true}]}}