{"id":35,"date":"2025-07-04T23:45:00","date_gmt":"2025-07-04T21:45:00","guid":{"rendered":"https:\/\/serwer2010675.home.pl\/autoinstalator\/wordpressplugins\/?page_id=35"},"modified":"2025-07-09T19:40:27","modified_gmt":"2025-07-09T17:40:27","slug":"jak-pomagamy","status":"publish","type":"page","link":"https:\/\/fundacjasas.pl\/index.php\/jak-pomagamy\/","title":{"rendered":"Jak pomagamy"},"content":{"rendered":"\n<p>W ramach dzia\u0142a\u0144 Fundacji organizujemy przedsi\u0119wzi\u0119cia pobudzaj\u0105ce aktywno\u015b\u0107 os\u00f3b starszych \u2013 wydarzenia kulturowe, edukacyjne, warsztatowe przeznaczone dla senior\u00f3w, jak r\u00f3wnie\u017c integruj\u0105ce pokolenia. Wspieramy r\u00f3wnie\u017c akcje charytatywne oraz projekty i inicjatywy w zakresie dzia\u0142alno\u015bci naukowo-badawczej.<\/p>\n\n\n\n<p><strong>Szlachetna Paczka 2020<\/strong>. Nasza Fundacja kolejny raz wspiera \u0142\u00f3dzkich Senior\u00f3w.<\/p>\n\n\n\n<figure class=\"wp-block-gallery has-nested-images columns-4 is-cropped wp-block-gallery-1 is-layout-flex wp-block-gallery-is-layout-flex\">\n<figure class=\"wp-block-image size-large\"><img loading=\"lazy\" decoding=\"async\" width=\"1024\" height=\"768\" data-id=\"286\" src=\"https:\/\/serwer2010675.home.pl\/autoinstalator\/wordpressplugins\/wp-content\/uploads\/2025\/07\/a1.jpeg\" alt=\"\" class=\"wp-image-286\" srcset=\"https:\/\/fundacjasas.pl\/wp-content\/uploads\/2025\/07\/a1.jpeg 1024w, https:\/\/fundacjasas.pl\/wp-content\/uploads\/2025\/07\/a1-600x450.jpeg 600w, https:\/\/fundacjasas.pl\/wp-content\/uploads\/2025\/07\/a1-150x113.jpeg 150w, https:\/\/fundacjasas.pl\/wp-content\/uploads\/2025\/07\/a1-768x576.jpeg 768w\" sizes=\"auto, (max-width: 1024px) 100vw, 1024px\" \/><\/figure>\n\n\n\n<figure class=\"wp-block-image size-large\"><img loading=\"lazy\" decoding=\"async\" width=\"768\" height=\"1024\" data-id=\"289\" src=\"https:\/\/serwer2010675.home.pl\/autoinstalator\/wordpressplugins\/wp-content\/uploads\/2025\/07\/a3.jpeg\" alt=\"\" class=\"wp-image-289\" srcset=\"https:\/\/fundacjasas.pl\/wp-content\/uploads\/2025\/07\/a3.jpeg 768w, https:\/\/fundacjasas.pl\/wp-content\/uploads\/2025\/07\/a3-450x600.jpeg 450w, https:\/\/fundacjasas.pl\/wp-content\/uploads\/2025\/07\/a3-113x150.jpeg 113w\" sizes=\"auto, (max-width: 768px) 100vw, 768px\" \/><\/figure>\n\n\n\n<figure class=\"wp-block-image size-large\"><img loading=\"lazy\" decoding=\"async\" width=\"768\" height=\"1024\" data-id=\"288\" src=\"https:\/\/serwer2010675.home.pl\/autoinstalator\/wordpressplugins\/wp-content\/uploads\/2025\/07\/s.7-768x1024-1.jpg\" alt=\"\" class=\"wp-image-288\" srcset=\"https:\/\/fundacjasas.pl\/wp-content\/uploads\/2025\/07\/s.7-768x1024-1.jpg 768w, https:\/\/fundacjasas.pl\/wp-content\/uploads\/2025\/07\/s.7-768x1024-1-450x600.jpg 450w, https:\/\/fundacjasas.pl\/wp-content\/uploads\/2025\/07\/s.7-768x1024-1-113x150.jpg 113w\" sizes=\"auto, (max-width: 768px) 100vw, 768px\" \/><\/figure>\n\n\n\n<figure class=\"wp-block-image size-large\"><img loading=\"lazy\" decoding=\"async\" width=\"727\" height=\"1024\" data-id=\"287\" src=\"https:\/\/serwer2010675.home.pl\/autoinstalator\/wordpressplugins\/wp-content\/uploads\/2025\/07\/s1-727x1024-1.jpg\" alt=\"\" class=\"wp-image-287\" srcset=\"https:\/\/fundacjasas.pl\/wp-content\/uploads\/2025\/07\/s1-727x1024-1.jpg 727w, https:\/\/fundacjasas.pl\/wp-content\/uploads\/2025\/07\/s1-727x1024-1-426x600.jpg 426w, https:\/\/fundacjasas.pl\/wp-content\/uploads\/2025\/07\/s1-727x1024-1-106x150.jpg 106w\" sizes=\"auto, (max-width: 727px) 100vw, 727px\" \/><\/figure>\n<\/figure>\n\n\n\n<p><strong>Laptopy do zdalnego nauczania.<\/strong>\u00a0Pomys\u0142 z inspirowany reporta\u017cem sta\u0142 si\u0119 faktem. Laptop\u00f3w pocz\u0105tkowo by\u0142o 20 lecz nieub\u0142agany up\u0142yw czasu zredukowa\u0142 ich ilo\u015b\u0107 do 9. Robert Borowski podj\u0105\u0142 si\u0119 tchni\u0119cia w nie nowego \u017cycia. Przekazano je do jednej z \u0142\u00f3dzkich szk\u00f3\u0142. Wspierajmy si\u0119 w tym trudnym czasie!<\/p>\n\n\n\n<figure class=\"wp-block-image size-full\"><img loading=\"lazy\" decoding=\"async\" width=\"1024\" height=\"768\" src=\"https:\/\/serwer2010675.home.pl\/autoinstalator\/wordpressplugins\/wp-content\/uploads\/2025\/07\/laptopy-1024x768-1.jpg\" alt=\"\" class=\"wp-image-290\" srcset=\"https:\/\/fundacjasas.pl\/wp-content\/uploads\/2025\/07\/laptopy-1024x768-1.jpg 1024w, https:\/\/fundacjasas.pl\/wp-content\/uploads\/2025\/07\/laptopy-1024x768-1-600x450.jpg 600w, https:\/\/fundacjasas.pl\/wp-content\/uploads\/2025\/07\/laptopy-1024x768-1-150x113.jpg 150w, https:\/\/fundacjasas.pl\/wp-content\/uploads\/2025\/07\/laptopy-1024x768-1-768x576.jpg 768w\" sizes=\"auto, (max-width: 1024px) 100vw, 1024px\" \/><\/figure>\n\n\n\n<p><strong>Darmowe strzy\u017cenie dla senior\u00f3w<\/strong>. We wsp\u00f3\u0142pracy z salonem fryzjerskim JK Beauty Secret Jowita Kucharska-Charkiewicz zrealizowali\u015bmy akcj\u0119 bezp\u0142atnego strzy\u017cenia i koloryzacji w symbolicznej cenie 50 z\u0142 w \u015bwi\u0105tecznym okresie sezonu 2019. Mamy nadziej\u0119, \u017ce to pierwsza ale nie ostatnia tego typu aktywno\u015b\u0107. Jowito, dzi\u0119kujemy!<\/p>\n\n\n\n<figure class=\"wp-block-image size-full\"><img loading=\"lazy\" decoding=\"async\" width=\"750\" height=\"625\" src=\"https:\/\/serwer2010675.home.pl\/autoinstalator\/wordpressplugins\/wp-content\/uploads\/2025\/07\/fryz.jpg\" alt=\"\" class=\"wp-image-291\" srcset=\"https:\/\/fundacjasas.pl\/wp-content\/uploads\/2025\/07\/fryz.jpg 750w, https:\/\/fundacjasas.pl\/wp-content\/uploads\/2025\/07\/fryz-600x500.jpg 600w, https:\/\/fundacjasas.pl\/wp-content\/uploads\/2025\/07\/fryz-150x125.jpg 150w\" sizes=\"auto, (max-width: 750px) 100vw, 750px\" \/><\/figure>\n\n\n\n<p><strong>\u015awi\u0105teczno-Noworoczne zabiegi<\/strong>\u00a0pigmentacji i piel\u0119gnacji dla seniorek ufundowane przez Permanent Academy \u2013 Barbara Kopiec-K\u0142yszejko. Dziekujemy!<\/p>\n\n\n\n<p><strong>Seans kina plenerowego \u2013 kino pod chmurk\u0105 \u0142\u0105czy pokolenia!<\/strong>\u00a0Projekcja filmu \u201eLa la Land\u201d \u2013 musical nominowany w 14 kategoriach do Oscara. To by\u0142 wyj\u0105tkowy wiecz\u00f3r!<\/p>\n\n\n\n<figure class=\"wp-block-image size-full\"><img loading=\"lazy\" decoding=\"async\" width=\"731\" height=\"1024\" src=\"https:\/\/serwer2010675.home.pl\/autoinstalator\/wordpressplugins\/wp-content\/uploads\/2025\/07\/kino-731x1024-1.jpg\" alt=\"\" class=\"wp-image-292\" srcset=\"https:\/\/fundacjasas.pl\/wp-content\/uploads\/2025\/07\/kino-731x1024-1.jpg 731w, https:\/\/fundacjasas.pl\/wp-content\/uploads\/2025\/07\/kino-731x1024-1-428x600.jpg 428w, https:\/\/fundacjasas.pl\/wp-content\/uploads\/2025\/07\/kino-731x1024-1-107x150.jpg 107w\" sizes=\"auto, (max-width: 731px) 100vw, 731px\" \/><\/figure>\n","protected":false},"excerpt":{"rendered":"<p>W ramach dzia\u0142a\u0144 Fundacji organizujemy przedsi\u0119wzi\u0119cia pobudzaj\u0105ce aktywno\u015b\u0107 os\u00f3b starszych \u2013 wydarzenia kulturowe, edukacyjne, warsztatowe przeznaczone dla senior\u00f3w, jak r\u00f3wnie\u017c integruj\u0105ce pokolenia. Wspieramy r\u00f3wnie\u017c akcje charytatywne oraz projekty i inicjatywy w zakresie dzia\u0142alno\u015bci naukowo-badawczej. Szlachetna Paczka 2020. Nasza Fundacja kolejny raz wspiera \u0142\u00f3dzkich Senior\u00f3w. Laptopy do zdalnego nauczania.\u00a0Pomys\u0142 z inspirowany reporta\u017cem sta\u0142 si\u0119 faktem. Laptop\u00f3w [&hellip;]<\/p>\n","protected":false},"author":1,"featured_media":210,"parent":0,"menu_order":0,"comment_status":"closed","ping_status":"closed","template":"","meta":{"footnotes":""},"class_list":["post-35","page","type-page","status-publish","has-post-thumbnail","hentry"],"yoast_head":"<!-- This site is optimized with the Yoast SEO plugin v27.4 - https:\/\/yoast.com\/product\/yoast-seo-wordpress\/ -->\n<title>Jak pomagamy - Fundacja System Aktywizacji Seniora<\/title>\n<meta name=\"robots\" content=\"index, follow, max-snippet:-1, max-image-preview:large, max-video-preview:-1\" \/>\n<link rel=\"canonical\" href=\"https:\/\/fundacjasas.pl\/index.php\/jak-pomagamy\/\" \/>\n<meta property=\"og:locale\" content=\"pl_PL\" \/>\n<meta property=\"og:type\" content=\"article\" \/>\n<meta property=\"og:title\" content=\"Jak pomagamy - Fundacja System Aktywizacji Seniora\" \/>\n<meta property=\"og:description\" content=\"W ramach dzia\u0142a\u0144 Fundacji organizujemy przedsi\u0119wzi\u0119cia pobudzaj\u0105ce aktywno\u015b\u0107 os\u00f3b starszych \u2013 wydarzenia kulturowe, edukacyjne, warsztatowe przeznaczone dla senior\u00f3w, jak r\u00f3wnie\u017c integruj\u0105ce pokolenia. Wspieramy r\u00f3wnie\u017c akcje charytatywne oraz projekty i inicjatywy w zakresie dzia\u0142alno\u015bci naukowo-badawczej. Szlachetna Paczka 2020. Nasza Fundacja kolejny raz wspiera \u0142\u00f3dzkich Senior\u00f3w. Laptopy do zdalnego nauczania.\u00a0Pomys\u0142 z inspirowany reporta\u017cem sta\u0142 si\u0119 faktem. Laptop\u00f3w [&hellip;]\" \/>\n<meta property=\"og:url\" content=\"https:\/\/fundacjasas.pl\/index.php\/jak-pomagamy\/\" \/>\n<meta property=\"og:site_name\" content=\"Fundacja System Aktywizacji Seniora\" \/>\n<meta property=\"article:modified_time\" content=\"2025-07-09T17:40:27+00:00\" \/>\n<meta property=\"og:image\" content=\"https:\/\/fundacjasas.pl\/wp-content\/uploads\/2025\/07\/baner3.jpg\" \/>\n\t<meta property=\"og:image:width\" content=\"1366\" \/>\n\t<meta property=\"og:image:height\" content=\"558\" \/>\n\t<meta property=\"og:image:type\" content=\"image\/jpeg\" \/>\n<meta name=\"twitter:card\" content=\"summary_large_image\" \/>\n<meta name=\"twitter:label1\" content=\"Szacowany czas czytania\" \/>\n\t<meta name=\"twitter:data1\" content=\"3 minuty\" \/>\n<script type=\"application\/ld+json\" class=\"yoast-schema-graph\">{\"@context\":\"https:\\\/\\\/schema.org\",\"@graph\":[{\"@type\":\"WebPage\",\"@id\":\"https:\\\/\\\/fundacjasas.pl\\\/index.php\\\/jak-pomagamy\\\/\",\"url\":\"https:\\\/\\\/fundacjasas.pl\\\/index.php\\\/jak-pomagamy\\\/\",\"name\":\"Jak pomagamy - Fundacja System Aktywizacji Seniora\",\"isPartOf\":{\"@id\":\"https:\\\/\\\/fundacjasas.pl\\\/#website\"},\"primaryImageOfPage\":{\"@id\":\"https:\\\/\\\/fundacjasas.pl\\\/index.php\\\/jak-pomagamy\\\/#primaryimage\"},\"image\":{\"@id\":\"https:\\\/\\\/fundacjasas.pl\\\/index.php\\\/jak-pomagamy\\\/#primaryimage\"},\"thumbnailUrl\":\"https:\\\/\\\/fundacjasas.pl\\\/wp-content\\\/uploads\\\/2025\\\/07\\\/baner3.jpg\",\"datePublished\":\"2025-07-04T21:45:00+00:00\",\"dateModified\":\"2025-07-09T17:40:27+00:00\",\"breadcrumb\":{\"@id\":\"https:\\\/\\\/fundacjasas.pl\\\/index.php\\\/jak-pomagamy\\\/#breadcrumb\"},\"inLanguage\":\"pl-PL\",\"potentialAction\":[{\"@type\":\"ReadAction\",\"target\":[\"https:\\\/\\\/fundacjasas.pl\\\/index.php\\\/jak-pomagamy\\\/\"]}]},{\"@type\":\"ImageObject\",\"inLanguage\":\"pl-PL\",\"@id\":\"https:\\\/\\\/fundacjasas.pl\\\/index.php\\\/jak-pomagamy\\\/#primaryimage\",\"url\":\"https:\\\/\\\/fundacjasas.pl\\\/wp-content\\\/uploads\\\/2025\\\/07\\\/baner3.jpg\",\"contentUrl\":\"https:\\\/\\\/fundacjasas.pl\\\/wp-content\\\/uploads\\\/2025\\\/07\\\/baner3.jpg\",\"width\":1366,\"height\":558},{\"@type\":\"BreadcrumbList\",\"@id\":\"https:\\\/\\\/fundacjasas.pl\\\/index.php\\\/jak-pomagamy\\\/#breadcrumb\",\"itemListElement\":[{\"@type\":\"ListItem\",\"position\":1,\"name\":\"Home\",\"item\":\"https:\\\/\\\/fundacjasas.pl\\\/\"},{\"@type\":\"ListItem\",\"position\":2,\"name\":\"Jak pomagamy\"}]},{\"@type\":\"WebSite\",\"@id\":\"https:\\\/\\\/fundacjasas.pl\\\/#website\",\"url\":\"https:\\\/\\\/fundacjasas.pl\\\/\",\"name\":\"Fundacja System Aktywizacji Seniora\",\"description\":\"\",\"publisher\":{\"@id\":\"https:\\\/\\\/fundacjasas.pl\\\/#organization\"},\"potentialAction\":[{\"@type\":\"SearchAction\",\"target\":{\"@type\":\"EntryPoint\",\"urlTemplate\":\"https:\\\/\\\/fundacjasas.pl\\\/?s={search_term_string}\"},\"query-input\":{\"@type\":\"PropertyValueSpecification\",\"valueRequired\":true,\"valueName\":\"search_term_string\"}}],\"inLanguage\":\"pl-PL\"},{\"@type\":\"Organization\",\"@id\":\"https:\\\/\\\/fundacjasas.pl\\\/#organization\",\"name\":\"Fundacja System Aktywizacji Seniora\",\"url\":\"https:\\\/\\\/fundacjasas.pl\\\/\",\"logo\":{\"@type\":\"ImageObject\",\"inLanguage\":\"pl-PL\",\"@id\":\"https:\\\/\\\/fundacjasas.pl\\\/#\\\/schema\\\/logo\\\/image\\\/\",\"url\":\"https:\\\/\\\/fundacjasas.pl\\\/wp-content\\\/uploads\\\/2025\\\/07\\\/cropped-logo-senior-FSAS-2.jpg\",\"contentUrl\":\"https:\\\/\\\/fundacjasas.pl\\\/wp-content\\\/uploads\\\/2025\\\/07\\\/cropped-logo-senior-FSAS-2.jpg\",\"width\":700,\"height\":250,\"caption\":\"Fundacja System Aktywizacji Seniora\"},\"image\":{\"@id\":\"https:\\\/\\\/fundacjasas.pl\\\/#\\\/schema\\\/logo\\\/image\\\/\"}}]}<\/script>\n<!-- \/ Yoast SEO plugin. -->","yoast_head_json":{"title":"Jak pomagamy - Fundacja System Aktywizacji Seniora","robots":{"index":"index","follow":"follow","max-snippet":"max-snippet:-1","max-image-preview":"max-image-preview:large","max-video-preview":"max-video-preview:-1"},"canonical":"https:\/\/fundacjasas.pl\/index.php\/jak-pomagamy\/","og_locale":"pl_PL","og_type":"article","og_title":"Jak pomagamy - Fundacja System Aktywizacji Seniora","og_description":"W ramach dzia\u0142a\u0144 Fundacji organizujemy przedsi\u0119wzi\u0119cia pobudzaj\u0105ce aktywno\u015b\u0107 os\u00f3b starszych \u2013 wydarzenia kulturowe, edukacyjne, warsztatowe przeznaczone dla senior\u00f3w, jak r\u00f3wnie\u017c integruj\u0105ce pokolenia. Wspieramy r\u00f3wnie\u017c akcje charytatywne oraz projekty i inicjatywy w zakresie dzia\u0142alno\u015bci naukowo-badawczej. Szlachetna Paczka 2020. Nasza Fundacja kolejny raz wspiera \u0142\u00f3dzkich Senior\u00f3w. Laptopy do zdalnego nauczania.\u00a0Pomys\u0142 z inspirowany reporta\u017cem sta\u0142 si\u0119 faktem. Laptop\u00f3w [&hellip;]","og_url":"https:\/\/fundacjasas.pl\/index.php\/jak-pomagamy\/","og_site_name":"Fundacja System Aktywizacji Seniora","article_modified_time":"2025-07-09T17:40:27+00:00","og_image":[{"width":1366,"height":558,"url":"https:\/\/fundacjasas.pl\/wp-content\/uploads\/2025\/07\/baner3.jpg","type":"image\/jpeg"}],"twitter_card":"summary_large_image","twitter_misc":{"Szacowany czas czytania":"3 minuty"},"schema":{"@context":"https:\/\/schema.org","@graph":[{"@type":"WebPage","@id":"https:\/\/fundacjasas.pl\/index.php\/jak-pomagamy\/","url":"https:\/\/fundacjasas.pl\/index.php\/jak-pomagamy\/","name":"Jak pomagamy - Fundacja System Aktywizacji Seniora","isPartOf":{"@id":"https:\/\/fundacjasas.pl\/#website"},"primaryImageOfPage":{"@id":"https:\/\/fundacjasas.pl\/index.php\/jak-pomagamy\/#primaryimage"},"image":{"@id":"https:\/\/fundacjasas.pl\/index.php\/jak-pomagamy\/#primaryimage"},"thumbnailUrl":"https:\/\/fundacjasas.pl\/wp-content\/uploads\/2025\/07\/baner3.jpg","datePublished":"2025-07-04T21:45:00+00:00","dateModified":"2025-07-09T17:40:27+00:00","breadcrumb":{"@id":"https:\/\/fundacjasas.pl\/index.php\/jak-pomagamy\/#breadcrumb"},"inLanguage":"pl-PL","potentialAction":[{"@type":"ReadAction","target":["https:\/\/fundacjasas.pl\/index.php\/jak-pomagamy\/"]}]},{"@type":"ImageObject","inLanguage":"pl-PL","@id":"https:\/\/fundacjasas.pl\/index.php\/jak-pomagamy\/#primaryimage","url":"https:\/\/fundacjasas.pl\/wp-content\/uploads\/2025\/07\/baner3.jpg","contentUrl":"https:\/\/fundacjasas.pl\/wp-content\/uploads\/2025\/07\/baner3.jpg","width":1366,"height":558},{"@type":"BreadcrumbList","@id":"https:\/\/fundacjasas.pl\/index.php\/jak-pomagamy\/#breadcrumb","itemListElement":[{"@type":"ListItem","position":1,"name":"Home","item":"https:\/\/fundacjasas.pl\/"},{"@type":"ListItem","position":2,"name":"Jak pomagamy"}]},{"@type":"WebSite","@id":"https:\/\/fundacjasas.pl\/#website","url":"https:\/\/fundacjasas.pl\/","name":"Fundacja System Aktywizacji Seniora","description":"","publisher":{"@id":"https:\/\/fundacjasas.pl\/#organization"},"potentialAction":[{"@type":"SearchAction","target":{"@type":"EntryPoint","urlTemplate":"https:\/\/fundacjasas.pl\/?s={search_term_string}"},"query-input":{"@type":"PropertyValueSpecification","valueRequired":true,"valueName":"search_term_string"}}],"inLanguage":"pl-PL"},{"@type":"Organization","@id":"https:\/\/fundacjasas.pl\/#organization","name":"Fundacja System Aktywizacji Seniora","url":"https:\/\/fundacjasas.pl\/","logo":{"@type":"ImageObject","inLanguage":"pl-PL","@id":"https:\/\/fundacjasas.pl\/#\/schema\/logo\/image\/","url":"https:\/\/fundacjasas.pl\/wp-content\/uploads\/2025\/07\/cropped-logo-senior-FSAS-2.jpg","contentUrl":"https:\/\/fundacjasas.pl\/wp-content\/uploads\/2025\/07\/cropped-logo-senior-FSAS-2.jpg","width":700,"height":250,"caption":"Fundacja System Aktywizacji Seniora"},"image":{"@id":"https:\/\/fundacjasas.pl\/#\/schema\/logo\/image\/"}}]}},"_links":{"self":[{"href":"https:\/\/fundacjasas.pl\/index.php\/wp-json\/wp\/v2\/pages\/35","targetHints":{"allow":["GET"]}}],"collection":[{"href":"https:\/\/fundacjasas.pl\/index.php\/wp-json\/wp\/v2\/pages"}],"about":[{"href":"https:\/\/fundacjasas.pl\/index.php\/wp-json\/wp\/v2\/types\/page"}],"author":[{"embeddable":true,"href":"https:\/\/fundacjasas.pl\/index.php\/wp-json\/wp\/v2\/users\/1"}],"replies":[{"embeddable":true,"href":"https:\/\/fundacjasas.pl\/index.php\/wp-json\/wp\/v2\/comments?post=35"}],"version-history":[{"count":5,"href":"https:\/\/fundacjasas.pl\/index.php\/wp-json\/wp\/v2\/pages\/35\/revisions"}],"predecessor-version":[{"id":295,"href":"https:\/\/fundacjasas.pl\/index.php\/wp-json\/wp\/v2\/pages\/35\/revisions\/295"}],"wp:featuredmedia":[{"embeddable":true,"href":"https:\/\/fundacjasas.pl\/index.php\/wp-json\/wp\/v2\/media\/210"}],"wp:attachment":[{"href":"https:\/\/fundacjasas.pl\/index.php\/wp-json\/wp\/v2\/media?parent=35"}],"curies":[{"name":"wp","href":"https:\/\/api.w.org\/{rel}","templated":true}]}}