{"id":240,"date":"2025-07-07T20:40:27","date_gmt":"2025-07-07T18:40:27","guid":{"rendered":"https:\/\/serwer2010675.home.pl\/autoinstalator\/wordpressplugins\/?page_id=240"},"modified":"2025-07-14T18:38:07","modified_gmt":"2025-07-14T16:38:07","slug":"statut-fundacji","status":"publish","type":"page","link":"https:\/\/fundacjasas.pl\/index.php\/statut-fundacji\/","title":{"rendered":"Statut Fundacji"},"content":{"rendered":"\n<p><strong>FUNDACJA<\/strong>&nbsp;System Aktywizacji Seniora, zosta\u0142a ustanowiona w dniu 20 grudnia 2018 r. i dzia\u0142a na podstawie przepis\u00f3w ustawy z dnia 6 kwietnia 1984 r. o fundacjach (tekst jednolity: Dz. U. z 1991 r. Nr 46 poz. 203 z p\u00f3\u017an. zm.) oraz postanowie\u0144 statutu.<\/p>\n\n\n\n<section id=\"rise-blocks-cta-block-instance-0-cce81fc9-7ea9-44b0-8674-23e295e9c356\" class=\"wp-block-rise-blocks-call-to-action rise-blocks-cta-wrapper\"><div class=\"rise-blocks-cta-overlay\"><\/div><div class=\"rise-blocks-cta-content\"><div class=\"rise-blocks-cta-title-wrapper\"><h2 class=\"rise-blocks-cta-title\">Poznaj nasze cele<\/h2><span class=\"rise-blocks-cta-title-line\"><\/span><\/div><div class=\"rise-blocks-cta-btn-wrapper\"><a class=\"rise-blocks-cta-btn\" href=\"index.php\/nasza-misja\/\" target=\"\" rel=\"noopener noreferrer\">Wi\u0119cej<\/a><\/div><\/div><\/section>\n\n\n\n<p><\/p>\n","protected":false},"excerpt":{"rendered":"<p>FUNDACJA&nbsp;System Aktywizacji Seniora, zosta\u0142a ustanowiona w dniu 20 grudnia 2018 r. i dzia\u0142a na podstawie przepis\u00f3w ustawy z dnia 6 kwietnia 1984 r. o fundacjach (tekst jednolity: Dz. U. z 1991 r. Nr 46 poz. 203 z p\u00f3\u017an. zm.) oraz postanowie\u0144 statutu.<\/p>\n","protected":false},"author":1,"featured_media":0,"parent":0,"menu_order":0,"comment_status":"closed","ping_status":"closed","template":"","meta":{"footnotes":""},"class_list":["post-240","page","type-page","status-publish","hentry"],"yoast_head":"<!-- This site is optimized with the Yoast SEO plugin v27.4 - https:\/\/yoast.com\/product\/yoast-seo-wordpress\/ -->\n<title>Statut Fundacji - Fundacja System Aktywizacji Seniora<\/title>\n<meta name=\"robots\" content=\"index, follow, max-snippet:-1, max-image-preview:large, max-video-preview:-1\" \/>\n<link rel=\"canonical\" href=\"https:\/\/fundacjasas.pl\/index.php\/statut-fundacji\/\" \/>\n<meta property=\"og:locale\" content=\"pl_PL\" \/>\n<meta property=\"og:type\" content=\"article\" \/>\n<meta property=\"og:title\" content=\"Statut Fundacji - Fundacja System Aktywizacji Seniora\" \/>\n<meta property=\"og:description\" content=\"FUNDACJA&nbsp;System Aktywizacji Seniora, zosta\u0142a ustanowiona w dniu 20 grudnia 2018 r. i dzia\u0142a na podstawie przepis\u00f3w ustawy z dnia 6 kwietnia 1984 r. o fundacjach (tekst jednolity: Dz. U. z 1991 r. Nr 46 poz. 203 z p\u00f3\u017an. zm.) oraz postanowie\u0144 statutu.\" \/>\n<meta property=\"og:url\" content=\"https:\/\/fundacjasas.pl\/index.php\/statut-fundacji\/\" \/>\n<meta property=\"og:site_name\" content=\"Fundacja System Aktywizacji Seniora\" \/>\n<meta property=\"article:modified_time\" content=\"2025-07-14T16:38:07+00:00\" \/>\n<meta name=\"twitter:card\" content=\"summary_large_image\" \/>\n<meta name=\"twitter:label1\" content=\"Szacowany czas czytania\" \/>\n\t<meta name=\"twitter:data1\" content=\"1 minuta\" \/>\n<script type=\"application\/ld+json\" class=\"yoast-schema-graph\">{\"@context\":\"https:\\\/\\\/schema.org\",\"@graph\":[{\"@type\":\"WebPage\",\"@id\":\"https:\\\/\\\/fundacjasas.pl\\\/index.php\\\/statut-fundacji\\\/\",\"url\":\"https:\\\/\\\/fundacjasas.pl\\\/index.php\\\/statut-fundacji\\\/\",\"name\":\"Statut Fundacji - Fundacja System Aktywizacji Seniora\",\"isPartOf\":{\"@id\":\"https:\\\/\\\/fundacjasas.pl\\\/#website\"},\"datePublished\":\"2025-07-07T18:40:27+00:00\",\"dateModified\":\"2025-07-14T16:38:07+00:00\",\"breadcrumb\":{\"@id\":\"https:\\\/\\\/fundacjasas.pl\\\/index.php\\\/statut-fundacji\\\/#breadcrumb\"},\"inLanguage\":\"pl-PL\",\"potentialAction\":[{\"@type\":\"ReadAction\",\"target\":[\"https:\\\/\\\/fundacjasas.pl\\\/index.php\\\/statut-fundacji\\\/\"]}]},{\"@type\":\"BreadcrumbList\",\"@id\":\"https:\\\/\\\/fundacjasas.pl\\\/index.php\\\/statut-fundacji\\\/#breadcrumb\",\"itemListElement\":[{\"@type\":\"ListItem\",\"position\":1,\"name\":\"Home\",\"item\":\"https:\\\/\\\/fundacjasas.pl\\\/\"},{\"@type\":\"ListItem\",\"position\":2,\"name\":\"Statut Fundacji\"}]},{\"@type\":\"WebSite\",\"@id\":\"https:\\\/\\\/fundacjasas.pl\\\/#website\",\"url\":\"https:\\\/\\\/fundacjasas.pl\\\/\",\"name\":\"Fundacja System Aktywizacji Seniora\",\"description\":\"\",\"publisher\":{\"@id\":\"https:\\\/\\\/fundacjasas.pl\\\/#organization\"},\"potentialAction\":[{\"@type\":\"SearchAction\",\"target\":{\"@type\":\"EntryPoint\",\"urlTemplate\":\"https:\\\/\\\/fundacjasas.pl\\\/?s={search_term_string}\"},\"query-input\":{\"@type\":\"PropertyValueSpecification\",\"valueRequired\":true,\"valueName\":\"search_term_string\"}}],\"inLanguage\":\"pl-PL\"},{\"@type\":\"Organization\",\"@id\":\"https:\\\/\\\/fundacjasas.pl\\\/#organization\",\"name\":\"Fundacja System Aktywizacji Seniora\",\"url\":\"https:\\\/\\\/fundacjasas.pl\\\/\",\"logo\":{\"@type\":\"ImageObject\",\"inLanguage\":\"pl-PL\",\"@id\":\"https:\\\/\\\/fundacjasas.pl\\\/#\\\/schema\\\/logo\\\/image\\\/\",\"url\":\"https:\\\/\\\/fundacjasas.pl\\\/wp-content\\\/uploads\\\/2025\\\/07\\\/cropped-logo-senior-FSAS-2.jpg\",\"contentUrl\":\"https:\\\/\\\/fundacjasas.pl\\\/wp-content\\\/uploads\\\/2025\\\/07\\\/cropped-logo-senior-FSAS-2.jpg\",\"width\":700,\"height\":250,\"caption\":\"Fundacja System Aktywizacji Seniora\"},\"image\":{\"@id\":\"https:\\\/\\\/fundacjasas.pl\\\/#\\\/schema\\\/logo\\\/image\\\/\"}}]}<\/script>\n<!-- \/ Yoast SEO plugin. -->","yoast_head_json":{"title":"Statut Fundacji - Fundacja System Aktywizacji Seniora","robots":{"index":"index","follow":"follow","max-snippet":"max-snippet:-1","max-image-preview":"max-image-preview:large","max-video-preview":"max-video-preview:-1"},"canonical":"https:\/\/fundacjasas.pl\/index.php\/statut-fundacji\/","og_locale":"pl_PL","og_type":"article","og_title":"Statut Fundacji - Fundacja System Aktywizacji Seniora","og_description":"FUNDACJA&nbsp;System Aktywizacji Seniora, zosta\u0142a ustanowiona w dniu 20 grudnia 2018 r. i dzia\u0142a na podstawie przepis\u00f3w ustawy z dnia 6 kwietnia 1984 r. o fundacjach (tekst jednolity: Dz. U. z 1991 r. Nr 46 poz. 203 z p\u00f3\u017an. zm.) oraz postanowie\u0144 statutu.","og_url":"https:\/\/fundacjasas.pl\/index.php\/statut-fundacji\/","og_site_name":"Fundacja System Aktywizacji Seniora","article_modified_time":"2025-07-14T16:38:07+00:00","twitter_card":"summary_large_image","twitter_misc":{"Szacowany czas czytania":"1 minuta"},"schema":{"@context":"https:\/\/schema.org","@graph":[{"@type":"WebPage","@id":"https:\/\/fundacjasas.pl\/index.php\/statut-fundacji\/","url":"https:\/\/fundacjasas.pl\/index.php\/statut-fundacji\/","name":"Statut Fundacji - Fundacja System Aktywizacji Seniora","isPartOf":{"@id":"https:\/\/fundacjasas.pl\/#website"},"datePublished":"2025-07-07T18:40:27+00:00","dateModified":"2025-07-14T16:38:07+00:00","breadcrumb":{"@id":"https:\/\/fundacjasas.pl\/index.php\/statut-fundacji\/#breadcrumb"},"inLanguage":"pl-PL","potentialAction":[{"@type":"ReadAction","target":["https:\/\/fundacjasas.pl\/index.php\/statut-fundacji\/"]}]},{"@type":"BreadcrumbList","@id":"https:\/\/fundacjasas.pl\/index.php\/statut-fundacji\/#breadcrumb","itemListElement":[{"@type":"ListItem","position":1,"name":"Home","item":"https:\/\/fundacjasas.pl\/"},{"@type":"ListItem","position":2,"name":"Statut Fundacji"}]},{"@type":"WebSite","@id":"https:\/\/fundacjasas.pl\/#website","url":"https:\/\/fundacjasas.pl\/","name":"Fundacja System Aktywizacji Seniora","description":"","publisher":{"@id":"https:\/\/fundacjasas.pl\/#organization"},"potentialAction":[{"@type":"SearchAction","target":{"@type":"EntryPoint","urlTemplate":"https:\/\/fundacjasas.pl\/?s={search_term_string}"},"query-input":{"@type":"PropertyValueSpecification","valueRequired":true,"valueName":"search_term_string"}}],"inLanguage":"pl-PL"},{"@type":"Organization","@id":"https:\/\/fundacjasas.pl\/#organization","name":"Fundacja System Aktywizacji Seniora","url":"https:\/\/fundacjasas.pl\/","logo":{"@type":"ImageObject","inLanguage":"pl-PL","@id":"https:\/\/fundacjasas.pl\/#\/schema\/logo\/image\/","url":"https:\/\/fundacjasas.pl\/wp-content\/uploads\/2025\/07\/cropped-logo-senior-FSAS-2.jpg","contentUrl":"https:\/\/fundacjasas.pl\/wp-content\/uploads\/2025\/07\/cropped-logo-senior-FSAS-2.jpg","width":700,"height":250,"caption":"Fundacja System Aktywizacji Seniora"},"image":{"@id":"https:\/\/fundacjasas.pl\/#\/schema\/logo\/image\/"}}]}},"_links":{"self":[{"href":"https:\/\/fundacjasas.pl\/index.php\/wp-json\/wp\/v2\/pages\/240","targetHints":{"allow":["GET"]}}],"collection":[{"href":"https:\/\/fundacjasas.pl\/index.php\/wp-json\/wp\/v2\/pages"}],"about":[{"href":"https:\/\/fundacjasas.pl\/index.php\/wp-json\/wp\/v2\/types\/page"}],"author":[{"embeddable":true,"href":"https:\/\/fundacjasas.pl\/index.php\/wp-json\/wp\/v2\/users\/1"}],"replies":[{"embeddable":true,"href":"https:\/\/fundacjasas.pl\/index.php\/wp-json\/wp\/v2\/comments?post=240"}],"version-history":[{"count":5,"href":"https:\/\/fundacjasas.pl\/index.php\/wp-json\/wp\/v2\/pages\/240\/revisions"}],"predecessor-version":[{"id":408,"href":"https:\/\/fundacjasas.pl\/index.php\/wp-json\/wp\/v2\/pages\/240\/revisions\/408"}],"wp:attachment":[{"href":"https:\/\/fundacjasas.pl\/index.php\/wp-json\/wp\/v2\/media?parent=240"}],"curies":[{"name":"wp","href":"https:\/\/api.w.org\/{rel}","templated":true}]}}