{"id":238,"date":"2025-07-07T20:38:55","date_gmt":"2025-07-07T18:38:55","guid":{"rendered":"https:\/\/serwer2010675.home.pl\/autoinstalator\/wordpressplugins\/?page_id=238"},"modified":"2025-07-14T16:00:26","modified_gmt":"2025-07-14T14:00:26","slug":"nasz-zespol","status":"publish","type":"page","link":"https:\/\/fundacjasas.pl\/index.php\/nasz-zespol\/","title":{"rendered":"Nasz Zesp\u00f3\u0142"},"content":{"rendered":"\n<h2 class=\"wp-block-heading\">Piotr Pusty<\/h2>\n\n\n\n<blockquote class=\"wp-block-quote is-layout-flow wp-block-quote-is-layout-flow\">\n<p>Fundator i Wiceprezes Zarz\u0105du Fundacji SAS. Wykszta\u0142cenie ekonomiczne uzupe\u0142nione licznymi kursami, zako\u0144czone studiami podyplomowymi z zakresu rachunkowo\u015bci zarz\u0105dczej oraz certyfikatem ksi\u0119gowego Ministerstwa Finans\u00f3w. Od 2008 r. zwi\u0105zany z rynkiem ochrony zdrowia.<br>Wsp\u00f3\u0142tw\u00f3rca jednolitych plan\u00f3w kont i modeli jednolitej sprawozdawczo\u015bci dla podmiot\u00f3w leczniczych podleg\u0142ych samorz\u0105dom wojew\u00f3dztw: \u0142\u00f3dzkiego, \u015bwi\u0119tokrzyskiego i pomorskiego.<br>Wsp\u00f3\u0142pracownik Departamentu Polityki Zdrowotnej Urz\u0119du Marsza\u0142kowskiego Wojew\u00f3dztwa \u0141\u00f3dzkiego odpowiedzialny za monitoring bie\u017c\u0105cej dzia\u0142alno\u015bci podleg\u0142ych podmiot\u00f3w leczniczych oraz plany rozwoju jednostek do 2020 roku. Od 2015 roku doradca Komendanta w 4 Wojskowym Szpitalu Klinicznym we Wroc\u0142awiu. Od 2019 r. doradca Dyrektora Wojew\u00f3dzkiego Szpitala Zespolonego w Kielcach.<\/p>\n<\/blockquote>\n\n\n\n<h2 class=\"wp-block-heading\">Monika Burzy\u0144ska<\/h2>\n\n\n\n<blockquote class=\"wp-block-quote is-layout-flow wp-block-quote-is-layout-flow\">\n<p>Pe\u0142nomocnik Zarz\u0105du Fundacji SAS, dr nauk o zdrowiu, absolwentka Uniwersytetu Medycznego w \u0141odzi. Prelegentka licznych konferencji naukowych, autorka i recenzentka publikacji po\u015bwi\u0119conych epidemiologii i zdrowiu publicznemu. Od 2009 roku zawodowo zwi\u0105zana z Wydzia\u0142em Nauk o Zdrowiu Uniwersytetu Medycznego w \u0141odzi. W chwili obecnej adiunkt w grupie badawczo-dydaktycznej w Zak\u0142adzie Epidemiologii i Biostatystyki Katedry Medycyny Spo\u0142ecznej i Zapobiegawczej. W pracy naukowo-badawczej zajmuje si\u0119 przede wszystkim problematyk\u0105 zwi\u0105zan\u0105 z ocen\u0105 stanu zdrowia i jako\u015bci \u017cycia subpopulacji os\u00f3b starszych, a tak\u017ce wykorzystaniem metod statystycznych w badaniach naukowych.<\/p>\n<\/blockquote>\n","protected":false},"excerpt":{"rendered":"<p>Piotr Pusty Fundator i Wiceprezes Zarz\u0105du Fundacji SAS. Wykszta\u0142cenie ekonomiczne uzupe\u0142nione licznymi kursami, zako\u0144czone studiami podyplomowymi z zakresu rachunkowo\u015bci zarz\u0105dczej oraz certyfikatem ksi\u0119gowego Ministerstwa Finans\u00f3w. Od 2008 r. zwi\u0105zany z rynkiem ochrony zdrowia.Wsp\u00f3\u0142tw\u00f3rca jednolitych plan\u00f3w kont i modeli jednolitej sprawozdawczo\u015bci dla podmiot\u00f3w leczniczych podleg\u0142ych samorz\u0105dom wojew\u00f3dztw: \u0142\u00f3dzkiego, \u015bwi\u0119tokrzyskiego i pomorskiego.Wsp\u00f3\u0142pracownik Departamentu Polityki Zdrowotnej Urz\u0119du Marsza\u0142kowskiego [&hellip;]<\/p>\n","protected":false},"author":1,"featured_media":0,"parent":0,"menu_order":0,"comment_status":"closed","ping_status":"closed","template":"","meta":{"footnotes":""},"class_list":["post-238","page","type-page","status-publish","hentry"],"yoast_head":"<!-- This site is optimized with the Yoast SEO plugin v27.5 - https:\/\/yoast.com\/product\/yoast-seo-wordpress\/ -->\n<title>Nasz Zesp\u00f3\u0142 - Fundacja System Aktywizacji Seniora<\/title>\n<meta name=\"robots\" content=\"index, follow, max-snippet:-1, max-image-preview:large, max-video-preview:-1\" \/>\n<link rel=\"canonical\" href=\"https:\/\/fundacjasas.pl\/index.php\/nasz-zespol\/\" \/>\n<meta property=\"og:locale\" content=\"pl_PL\" \/>\n<meta property=\"og:type\" content=\"article\" \/>\n<meta property=\"og:title\" content=\"Nasz Zesp\u00f3\u0142 - Fundacja System Aktywizacji Seniora\" \/>\n<meta property=\"og:description\" content=\"Piotr Pusty Fundator i Wiceprezes Zarz\u0105du Fundacji SAS. Wykszta\u0142cenie ekonomiczne uzupe\u0142nione licznymi kursami, zako\u0144czone studiami podyplomowymi z zakresu rachunkowo\u015bci zarz\u0105dczej oraz certyfikatem ksi\u0119gowego Ministerstwa Finans\u00f3w. Od 2008 r. zwi\u0105zany z rynkiem ochrony zdrowia.Wsp\u00f3\u0142tw\u00f3rca jednolitych plan\u00f3w kont i modeli jednolitej sprawozdawczo\u015bci dla podmiot\u00f3w leczniczych podleg\u0142ych samorz\u0105dom wojew\u00f3dztw: \u0142\u00f3dzkiego, \u015bwi\u0119tokrzyskiego i pomorskiego.Wsp\u00f3\u0142pracownik Departamentu Polityki Zdrowotnej Urz\u0119du Marsza\u0142kowskiego [&hellip;]\" \/>\n<meta property=\"og:url\" content=\"https:\/\/fundacjasas.pl\/index.php\/nasz-zespol\/\" \/>\n<meta property=\"og:site_name\" content=\"Fundacja System Aktywizacji Seniora\" \/>\n<meta property=\"article:modified_time\" content=\"2025-07-14T14:00:26+00:00\" \/>\n<meta name=\"twitter:card\" content=\"summary_large_image\" \/>\n<meta name=\"twitter:label1\" content=\"Szacowany czas czytania\" \/>\n\t<meta name=\"twitter:data1\" content=\"1 minuta\" \/>\n<script type=\"application\/ld+json\" class=\"yoast-schema-graph\">{\"@context\":\"https:\\\/\\\/schema.org\",\"@graph\":[{\"@type\":\"WebPage\",\"@id\":\"https:\\\/\\\/fundacjasas.pl\\\/index.php\\\/nasz-zespol\\\/\",\"url\":\"https:\\\/\\\/fundacjasas.pl\\\/index.php\\\/nasz-zespol\\\/\",\"name\":\"Nasz Zesp\u00f3\u0142 - Fundacja System Aktywizacji Seniora\",\"isPartOf\":{\"@id\":\"https:\\\/\\\/fundacjasas.pl\\\/#website\"},\"datePublished\":\"2025-07-07T18:38:55+00:00\",\"dateModified\":\"2025-07-14T14:00:26+00:00\",\"breadcrumb\":{\"@id\":\"https:\\\/\\\/fundacjasas.pl\\\/index.php\\\/nasz-zespol\\\/#breadcrumb\"},\"inLanguage\":\"pl-PL\",\"potentialAction\":[{\"@type\":\"ReadAction\",\"target\":[\"https:\\\/\\\/fundacjasas.pl\\\/index.php\\\/nasz-zespol\\\/\"]}]},{\"@type\":\"BreadcrumbList\",\"@id\":\"https:\\\/\\\/fundacjasas.pl\\\/index.php\\\/nasz-zespol\\\/#breadcrumb\",\"itemListElement\":[{\"@type\":\"ListItem\",\"position\":1,\"name\":\"Home\",\"item\":\"https:\\\/\\\/fundacjasas.pl\\\/\"},{\"@type\":\"ListItem\",\"position\":2,\"name\":\"Nasz Zesp\u00f3\u0142\"}]},{\"@type\":\"WebSite\",\"@id\":\"https:\\\/\\\/fundacjasas.pl\\\/#website\",\"url\":\"https:\\\/\\\/fundacjasas.pl\\\/\",\"name\":\"Fundacja System Aktywizacji Seniora\",\"description\":\"\",\"publisher\":{\"@id\":\"https:\\\/\\\/fundacjasas.pl\\\/#organization\"},\"potentialAction\":[{\"@type\":\"SearchAction\",\"target\":{\"@type\":\"EntryPoint\",\"urlTemplate\":\"https:\\\/\\\/fundacjasas.pl\\\/?s={search_term_string}\"},\"query-input\":{\"@type\":\"PropertyValueSpecification\",\"valueRequired\":true,\"valueName\":\"search_term_string\"}}],\"inLanguage\":\"pl-PL\"},{\"@type\":\"Organization\",\"@id\":\"https:\\\/\\\/fundacjasas.pl\\\/#organization\",\"name\":\"Fundacja System Aktywizacji Seniora\",\"url\":\"https:\\\/\\\/fundacjasas.pl\\\/\",\"logo\":{\"@type\":\"ImageObject\",\"inLanguage\":\"pl-PL\",\"@id\":\"https:\\\/\\\/fundacjasas.pl\\\/#\\\/schema\\\/logo\\\/image\\\/\",\"url\":\"https:\\\/\\\/fundacjasas.pl\\\/wp-content\\\/uploads\\\/2025\\\/07\\\/cropped-logo-senior-FSAS-2.jpg\",\"contentUrl\":\"https:\\\/\\\/fundacjasas.pl\\\/wp-content\\\/uploads\\\/2025\\\/07\\\/cropped-logo-senior-FSAS-2.jpg\",\"width\":700,\"height\":250,\"caption\":\"Fundacja System Aktywizacji Seniora\"},\"image\":{\"@id\":\"https:\\\/\\\/fundacjasas.pl\\\/#\\\/schema\\\/logo\\\/image\\\/\"}}]}<\/script>\n<!-- \/ Yoast SEO plugin. -->","yoast_head_json":{"title":"Nasz Zesp\u00f3\u0142 - Fundacja System Aktywizacji Seniora","robots":{"index":"index","follow":"follow","max-snippet":"max-snippet:-1","max-image-preview":"max-image-preview:large","max-video-preview":"max-video-preview:-1"},"canonical":"https:\/\/fundacjasas.pl\/index.php\/nasz-zespol\/","og_locale":"pl_PL","og_type":"article","og_title":"Nasz Zesp\u00f3\u0142 - Fundacja System Aktywizacji Seniora","og_description":"Piotr Pusty Fundator i Wiceprezes Zarz\u0105du Fundacji SAS. Wykszta\u0142cenie ekonomiczne uzupe\u0142nione licznymi kursami, zako\u0144czone studiami podyplomowymi z zakresu rachunkowo\u015bci zarz\u0105dczej oraz certyfikatem ksi\u0119gowego Ministerstwa Finans\u00f3w. Od 2008 r. zwi\u0105zany z rynkiem ochrony zdrowia.Wsp\u00f3\u0142tw\u00f3rca jednolitych plan\u00f3w kont i modeli jednolitej sprawozdawczo\u015bci dla podmiot\u00f3w leczniczych podleg\u0142ych samorz\u0105dom wojew\u00f3dztw: \u0142\u00f3dzkiego, \u015bwi\u0119tokrzyskiego i pomorskiego.Wsp\u00f3\u0142pracownik Departamentu Polityki Zdrowotnej Urz\u0119du Marsza\u0142kowskiego [&hellip;]","og_url":"https:\/\/fundacjasas.pl\/index.php\/nasz-zespol\/","og_site_name":"Fundacja System Aktywizacji Seniora","article_modified_time":"2025-07-14T14:00:26+00:00","twitter_card":"summary_large_image","twitter_misc":{"Szacowany czas czytania":"1 minuta"},"schema":{"@context":"https:\/\/schema.org","@graph":[{"@type":"WebPage","@id":"https:\/\/fundacjasas.pl\/index.php\/nasz-zespol\/","url":"https:\/\/fundacjasas.pl\/index.php\/nasz-zespol\/","name":"Nasz Zesp\u00f3\u0142 - Fundacja System Aktywizacji Seniora","isPartOf":{"@id":"https:\/\/fundacjasas.pl\/#website"},"datePublished":"2025-07-07T18:38:55+00:00","dateModified":"2025-07-14T14:00:26+00:00","breadcrumb":{"@id":"https:\/\/fundacjasas.pl\/index.php\/nasz-zespol\/#breadcrumb"},"inLanguage":"pl-PL","potentialAction":[{"@type":"ReadAction","target":["https:\/\/fundacjasas.pl\/index.php\/nasz-zespol\/"]}]},{"@type":"BreadcrumbList","@id":"https:\/\/fundacjasas.pl\/index.php\/nasz-zespol\/#breadcrumb","itemListElement":[{"@type":"ListItem","position":1,"name":"Home","item":"https:\/\/fundacjasas.pl\/"},{"@type":"ListItem","position":2,"name":"Nasz Zesp\u00f3\u0142"}]},{"@type":"WebSite","@id":"https:\/\/fundacjasas.pl\/#website","url":"https:\/\/fundacjasas.pl\/","name":"Fundacja System Aktywizacji Seniora","description":"","publisher":{"@id":"https:\/\/fundacjasas.pl\/#organization"},"potentialAction":[{"@type":"SearchAction","target":{"@type":"EntryPoint","urlTemplate":"https:\/\/fundacjasas.pl\/?s={search_term_string}"},"query-input":{"@type":"PropertyValueSpecification","valueRequired":true,"valueName":"search_term_string"}}],"inLanguage":"pl-PL"},{"@type":"Organization","@id":"https:\/\/fundacjasas.pl\/#organization","name":"Fundacja System Aktywizacji Seniora","url":"https:\/\/fundacjasas.pl\/","logo":{"@type":"ImageObject","inLanguage":"pl-PL","@id":"https:\/\/fundacjasas.pl\/#\/schema\/logo\/image\/","url":"https:\/\/fundacjasas.pl\/wp-content\/uploads\/2025\/07\/cropped-logo-senior-FSAS-2.jpg","contentUrl":"https:\/\/fundacjasas.pl\/wp-content\/uploads\/2025\/07\/cropped-logo-senior-FSAS-2.jpg","width":700,"height":250,"caption":"Fundacja System Aktywizacji Seniora"},"image":{"@id":"https:\/\/fundacjasas.pl\/#\/schema\/logo\/image\/"}}]}},"_links":{"self":[{"href":"https:\/\/fundacjasas.pl\/index.php\/wp-json\/wp\/v2\/pages\/238","targetHints":{"allow":["GET"]}}],"collection":[{"href":"https:\/\/fundacjasas.pl\/index.php\/wp-json\/wp\/v2\/pages"}],"about":[{"href":"https:\/\/fundacjasas.pl\/index.php\/wp-json\/wp\/v2\/types\/page"}],"author":[{"embeddable":true,"href":"https:\/\/fundacjasas.pl\/index.php\/wp-json\/wp\/v2\/users\/1"}],"replies":[{"embeddable":true,"href":"https:\/\/fundacjasas.pl\/index.php\/wp-json\/wp\/v2\/comments?post=238"}],"version-history":[{"count":6,"href":"https:\/\/fundacjasas.pl\/index.php\/wp-json\/wp\/v2\/pages\/238\/revisions"}],"predecessor-version":[{"id":389,"href":"https:\/\/fundacjasas.pl\/index.php\/wp-json\/wp\/v2\/pages\/238\/revisions\/389"}],"wp:attachment":[{"href":"https:\/\/fundacjasas.pl\/index.php\/wp-json\/wp\/v2\/media?parent=238"}],"curies":[{"name":"wp","href":"https:\/\/api.w.org\/{rel}","templated":true}]}}