{"id":230,"date":"2025-07-07T20:33:40","date_gmt":"2025-07-07T18:33:40","guid":{"rendered":"https:\/\/serwer2010675.home.pl\/autoinstalator\/wordpressplugins\/?page_id=230"},"modified":"2025-07-14T18:38:31","modified_gmt":"2025-07-14T16:38:31","slug":"o-nas","status":"publish","type":"page","link":"https:\/\/fundacjasas.pl\/index.php\/o-nas\/","title":{"rendered":"O nas"},"content":{"rendered":"\n<p>Fundacja System Aktywizacji Seniora to inicjatywa za\u0142o\u017cona w 2018 roku przez osoby zwi\u0105zane &nbsp;rodzinnie, zawodowo i spo\u0142ecznie z \u0141odzi\u0105. Wyj\u0105tkowym, mi\u0119dzynarodowym miastem przemys\u0142owym, miastem czterech kultur. Miastem, kt\u00f3re na skutek zaawansowanego procesu starzenia populacji poszukuje rozwi\u0105za\u0144, gwarantuj\u0105cych seniorom stworzenie warunk\u00f3w godziwego \u017cycia. Zainspirowa\u0142o nas to do wykorzystania wieloletniego posiadanego do\u015bwiadczenia zawodowego do praktycznych dzia\u0142a\u0144 na rzecz os\u00f3b starszych. Tworzymy zesp\u00f3\u0142 integruj\u0105cy r\u00f3\u017cne \u015brodowiska i jeste\u015bmy aktywnie zaanga\u017cowani w wolontaryjne dzia\u0142ania na rzecz senior\u00f3w. Posiadamy bogate, wielodyscyplinarne do\u015bwiadczenie zawodowe. S\u0105 w\u015br\u00f3d nas: pracownicy sektora ochrony zdrowia, prawnicy, przedstawiciele \u015brodowiska akademickiego, jednostek naukowo-badawczych, specjali\u015bci do spraw zarz\u0105dzania. Ta wielodziedzinowo\u015b\u0107 stanowi bezcenne merytoryczne pod\u0142o\u017ce dla podejmowanych przez nas inicjatyw.<\/p>\n\n\n\n<p>Dzi\u0119kujemy za zaufanie i dotychczasowe wsparcie naszej Fundacji. To dzi\u0119ki Wam dzia\u0142amy i realizujemy zamierzone cele. Zapraszamy do \u015bledzenia podejmowanych przez nas inicjatyw, do podejmowania wsp\u00f3lnych przedsi\u0119wzi\u0119\u0107 i do kontaktu z nami.<\/p>\n\n\n\n<section id=\"rise-blocks-cta-block-instance-0-c5a3b035-b441-45cc-8694-fac01f4cfd72\" class=\"wp-block-rise-blocks-call-to-action rise-blocks-cta-wrapper\"><div class=\"rise-blocks-cta-overlay\"><\/div><div class=\"rise-blocks-cta-content\"><div class=\"rise-blocks-cta-title-wrapper\"><h2 class=\"rise-blocks-cta-title\">Poznaj nasz zesp\u00f3\u0142<\/h2><span class=\"rise-blocks-cta-title-line\"><\/span><\/div><div class=\"rise-blocks-cta-btn-wrapper\"><a class=\"rise-blocks-cta-btn\" href=\"\/index.php\/nasz-zespol\/\" target=\"\" rel=\"noopener noreferrer\">Wi\u0119cej<\/a><\/div><\/div><\/section>\n","protected":false},"excerpt":{"rendered":"<p>Fundacja System Aktywizacji Seniora to inicjatywa za\u0142o\u017cona w 2018 roku przez osoby zwi\u0105zane &nbsp;rodzinnie, zawodowo i spo\u0142ecznie z \u0141odzi\u0105. Wyj\u0105tkowym, mi\u0119dzynarodowym miastem przemys\u0142owym, miastem czterech kultur. Miastem, kt\u00f3re na skutek zaawansowanego procesu starzenia populacji poszukuje rozwi\u0105za\u0144, gwarantuj\u0105cych seniorom stworzenie warunk\u00f3w godziwego \u017cycia. Zainspirowa\u0142o nas to do wykorzystania wieloletniego posiadanego do\u015bwiadczenia zawodowego do praktycznych dzia\u0142a\u0144 na [&hellip;]<\/p>\n","protected":false},"author":1,"featured_media":0,"parent":0,"menu_order":0,"comment_status":"closed","ping_status":"closed","template":"","meta":{"footnotes":""},"class_list":["post-230","page","type-page","status-publish","hentry"],"yoast_head":"<!-- This site is optimized with the Yoast SEO plugin v27.4 - https:\/\/yoast.com\/product\/yoast-seo-wordpress\/ -->\n<title>O nas - Fundacja System Aktywizacji Seniora<\/title>\n<meta name=\"robots\" content=\"index, follow, max-snippet:-1, max-image-preview:large, max-video-preview:-1\" \/>\n<link rel=\"canonical\" href=\"https:\/\/fundacjasas.pl\/index.php\/o-nas\/\" \/>\n<meta property=\"og:locale\" content=\"pl_PL\" \/>\n<meta property=\"og:type\" content=\"article\" \/>\n<meta property=\"og:title\" content=\"O nas - Fundacja System Aktywizacji Seniora\" \/>\n<meta property=\"og:description\" content=\"Fundacja System Aktywizacji Seniora to inicjatywa za\u0142o\u017cona w 2018 roku przez osoby zwi\u0105zane &nbsp;rodzinnie, zawodowo i spo\u0142ecznie z \u0141odzi\u0105. Wyj\u0105tkowym, mi\u0119dzynarodowym miastem przemys\u0142owym, miastem czterech kultur. Miastem, kt\u00f3re na skutek zaawansowanego procesu starzenia populacji poszukuje rozwi\u0105za\u0144, gwarantuj\u0105cych seniorom stworzenie warunk\u00f3w godziwego \u017cycia. Zainspirowa\u0142o nas to do wykorzystania wieloletniego posiadanego do\u015bwiadczenia zawodowego do praktycznych dzia\u0142a\u0144 na [&hellip;]\" \/>\n<meta property=\"og:url\" content=\"https:\/\/fundacjasas.pl\/index.php\/o-nas\/\" \/>\n<meta property=\"og:site_name\" content=\"Fundacja System Aktywizacji Seniora\" \/>\n<meta property=\"article:modified_time\" content=\"2025-07-14T16:38:31+00:00\" \/>\n<meta name=\"twitter:card\" content=\"summary_large_image\" \/>\n<meta name=\"twitter:label1\" content=\"Szacowany czas czytania\" \/>\n\t<meta name=\"twitter:data1\" content=\"1 minuta\" \/>\n<script type=\"application\/ld+json\" class=\"yoast-schema-graph\">{\"@context\":\"https:\\\/\\\/schema.org\",\"@graph\":[{\"@type\":\"WebPage\",\"@id\":\"https:\\\/\\\/fundacjasas.pl\\\/index.php\\\/o-nas\\\/\",\"url\":\"https:\\\/\\\/fundacjasas.pl\\\/index.php\\\/o-nas\\\/\",\"name\":\"O nas - Fundacja System Aktywizacji Seniora\",\"isPartOf\":{\"@id\":\"https:\\\/\\\/fundacjasas.pl\\\/#website\"},\"datePublished\":\"2025-07-07T18:33:40+00:00\",\"dateModified\":\"2025-07-14T16:38:31+00:00\",\"breadcrumb\":{\"@id\":\"https:\\\/\\\/fundacjasas.pl\\\/index.php\\\/o-nas\\\/#breadcrumb\"},\"inLanguage\":\"pl-PL\",\"potentialAction\":[{\"@type\":\"ReadAction\",\"target\":[\"https:\\\/\\\/fundacjasas.pl\\\/index.php\\\/o-nas\\\/\"]}]},{\"@type\":\"BreadcrumbList\",\"@id\":\"https:\\\/\\\/fundacjasas.pl\\\/index.php\\\/o-nas\\\/#breadcrumb\",\"itemListElement\":[{\"@type\":\"ListItem\",\"position\":1,\"name\":\"Home\",\"item\":\"https:\\\/\\\/fundacjasas.pl\\\/\"},{\"@type\":\"ListItem\",\"position\":2,\"name\":\"O nas\"}]},{\"@type\":\"WebSite\",\"@id\":\"https:\\\/\\\/fundacjasas.pl\\\/#website\",\"url\":\"https:\\\/\\\/fundacjasas.pl\\\/\",\"name\":\"Fundacja System Aktywizacji Seniora\",\"description\":\"\",\"publisher\":{\"@id\":\"https:\\\/\\\/fundacjasas.pl\\\/#organization\"},\"potentialAction\":[{\"@type\":\"SearchAction\",\"target\":{\"@type\":\"EntryPoint\",\"urlTemplate\":\"https:\\\/\\\/fundacjasas.pl\\\/?s={search_term_string}\"},\"query-input\":{\"@type\":\"PropertyValueSpecification\",\"valueRequired\":true,\"valueName\":\"search_term_string\"}}],\"inLanguage\":\"pl-PL\"},{\"@type\":\"Organization\",\"@id\":\"https:\\\/\\\/fundacjasas.pl\\\/#organization\",\"name\":\"Fundacja System Aktywizacji Seniora\",\"url\":\"https:\\\/\\\/fundacjasas.pl\\\/\",\"logo\":{\"@type\":\"ImageObject\",\"inLanguage\":\"pl-PL\",\"@id\":\"https:\\\/\\\/fundacjasas.pl\\\/#\\\/schema\\\/logo\\\/image\\\/\",\"url\":\"https:\\\/\\\/fundacjasas.pl\\\/wp-content\\\/uploads\\\/2025\\\/07\\\/cropped-logo-senior-FSAS-2.jpg\",\"contentUrl\":\"https:\\\/\\\/fundacjasas.pl\\\/wp-content\\\/uploads\\\/2025\\\/07\\\/cropped-logo-senior-FSAS-2.jpg\",\"width\":700,\"height\":250,\"caption\":\"Fundacja System Aktywizacji Seniora\"},\"image\":{\"@id\":\"https:\\\/\\\/fundacjasas.pl\\\/#\\\/schema\\\/logo\\\/image\\\/\"}}]}<\/script>\n<!-- \/ Yoast SEO plugin. -->","yoast_head_json":{"title":"O nas - Fundacja System Aktywizacji Seniora","robots":{"index":"index","follow":"follow","max-snippet":"max-snippet:-1","max-image-preview":"max-image-preview:large","max-video-preview":"max-video-preview:-1"},"canonical":"https:\/\/fundacjasas.pl\/index.php\/o-nas\/","og_locale":"pl_PL","og_type":"article","og_title":"O nas - Fundacja System Aktywizacji Seniora","og_description":"Fundacja System Aktywizacji Seniora to inicjatywa za\u0142o\u017cona w 2018 roku przez osoby zwi\u0105zane &nbsp;rodzinnie, zawodowo i spo\u0142ecznie z \u0141odzi\u0105. Wyj\u0105tkowym, mi\u0119dzynarodowym miastem przemys\u0142owym, miastem czterech kultur. Miastem, kt\u00f3re na skutek zaawansowanego procesu starzenia populacji poszukuje rozwi\u0105za\u0144, gwarantuj\u0105cych seniorom stworzenie warunk\u00f3w godziwego \u017cycia. Zainspirowa\u0142o nas to do wykorzystania wieloletniego posiadanego do\u015bwiadczenia zawodowego do praktycznych dzia\u0142a\u0144 na [&hellip;]","og_url":"https:\/\/fundacjasas.pl\/index.php\/o-nas\/","og_site_name":"Fundacja System Aktywizacji Seniora","article_modified_time":"2025-07-14T16:38:31+00:00","twitter_card":"summary_large_image","twitter_misc":{"Szacowany czas czytania":"1 minuta"},"schema":{"@context":"https:\/\/schema.org","@graph":[{"@type":"WebPage","@id":"https:\/\/fundacjasas.pl\/index.php\/o-nas\/","url":"https:\/\/fundacjasas.pl\/index.php\/o-nas\/","name":"O nas - Fundacja System Aktywizacji Seniora","isPartOf":{"@id":"https:\/\/fundacjasas.pl\/#website"},"datePublished":"2025-07-07T18:33:40+00:00","dateModified":"2025-07-14T16:38:31+00:00","breadcrumb":{"@id":"https:\/\/fundacjasas.pl\/index.php\/o-nas\/#breadcrumb"},"inLanguage":"pl-PL","potentialAction":[{"@type":"ReadAction","target":["https:\/\/fundacjasas.pl\/index.php\/o-nas\/"]}]},{"@type":"BreadcrumbList","@id":"https:\/\/fundacjasas.pl\/index.php\/o-nas\/#breadcrumb","itemListElement":[{"@type":"ListItem","position":1,"name":"Home","item":"https:\/\/fundacjasas.pl\/"},{"@type":"ListItem","position":2,"name":"O nas"}]},{"@type":"WebSite","@id":"https:\/\/fundacjasas.pl\/#website","url":"https:\/\/fundacjasas.pl\/","name":"Fundacja System Aktywizacji Seniora","description":"","publisher":{"@id":"https:\/\/fundacjasas.pl\/#organization"},"potentialAction":[{"@type":"SearchAction","target":{"@type":"EntryPoint","urlTemplate":"https:\/\/fundacjasas.pl\/?s={search_term_string}"},"query-input":{"@type":"PropertyValueSpecification","valueRequired":true,"valueName":"search_term_string"}}],"inLanguage":"pl-PL"},{"@type":"Organization","@id":"https:\/\/fundacjasas.pl\/#organization","name":"Fundacja System Aktywizacji Seniora","url":"https:\/\/fundacjasas.pl\/","logo":{"@type":"ImageObject","inLanguage":"pl-PL","@id":"https:\/\/fundacjasas.pl\/#\/schema\/logo\/image\/","url":"https:\/\/fundacjasas.pl\/wp-content\/uploads\/2025\/07\/cropped-logo-senior-FSAS-2.jpg","contentUrl":"https:\/\/fundacjasas.pl\/wp-content\/uploads\/2025\/07\/cropped-logo-senior-FSAS-2.jpg","width":700,"height":250,"caption":"Fundacja System Aktywizacji Seniora"},"image":{"@id":"https:\/\/fundacjasas.pl\/#\/schema\/logo\/image\/"}}]}},"_links":{"self":[{"href":"https:\/\/fundacjasas.pl\/index.php\/wp-json\/wp\/v2\/pages\/230","targetHints":{"allow":["GET"]}}],"collection":[{"href":"https:\/\/fundacjasas.pl\/index.php\/wp-json\/wp\/v2\/pages"}],"about":[{"href":"https:\/\/fundacjasas.pl\/index.php\/wp-json\/wp\/v2\/types\/page"}],"author":[{"embeddable":true,"href":"https:\/\/fundacjasas.pl\/index.php\/wp-json\/wp\/v2\/users\/1"}],"replies":[{"embeddable":true,"href":"https:\/\/fundacjasas.pl\/index.php\/wp-json\/wp\/v2\/comments?post=230"}],"version-history":[{"count":16,"href":"https:\/\/fundacjasas.pl\/index.php\/wp-json\/wp\/v2\/pages\/230\/revisions"}],"predecessor-version":[{"id":409,"href":"https:\/\/fundacjasas.pl\/index.php\/wp-json\/wp\/v2\/pages\/230\/revisions\/409"}],"wp:attachment":[{"href":"https:\/\/fundacjasas.pl\/index.php\/wp-json\/wp\/v2\/media?parent=230"}],"curies":[{"name":"wp","href":"https:\/\/api.w.org\/{rel}","templated":true}]}}