{"id":138,"date":"2025-07-06T09:29:51","date_gmt":"2025-07-06T07:29:51","guid":{"rendered":"https:\/\/serwer2010675.home.pl\/autoinstalator\/wordpressplugins\/?page_id=138"},"modified":"2025-07-06T09:29:52","modified_gmt":"2025-07-06T07:29:52","slug":"nasza-misja","status":"publish","type":"page","link":"https:\/\/fundacjasas.pl\/index.php\/nasza-misja\/","title":{"rendered":"Nasza Misja"},"content":{"rendered":"\n<p>Misj\u0105 Fundacji jest:<\/p>\n\n\n\n<ol class=\"wp-block-list\">\n<li>Podejmowanie dzia\u0142a\u0144 w zakresie aktywizacji senior\u00f3w.<\/li>\n\n\n\n<li>Prowadzenie dzia\u0142alno\u015bci na rzecz poprawy jako\u015bci \u017cycia senior\u00f3w.<\/li>\n\n\n\n<li>Podejmowanie dzia\u0142a\u0144, maj\u0105cych na celu przeciwdzia\u0142anie wykluczeniom spo\u0142ecznym os\u00f3b starszych.<\/li>\n\n\n\n<li>Propagowanie wykorzystania nowoczesnych technologii i e-rozwi\u0105za\u0144 w \u017cyciu os\u00f3b starszych, w tym dotkni\u0119tych niesprawno\u015bci\u0105.<\/li>\n\n\n\n<li>Promowanie dzia\u0142a\u0144 nakierowanych na utrzymanie samodzielno\u015bci<br>i pe\u0142nosprawno\u015bci senior\u00f3w poprzez realizowanie projekt\u00f3w edukacyjnych, kulturalnych i spo\u0142ecznych.<\/li>\n\n\n\n<li>Popularyzacja wiedzy z zakresu promocji zdrowia i aktywnego stylu \u017cycia senior\u00f3w.<\/li>\n\n\n\n<li>Upowszechnianie dzia\u0142a\u0144 w zakresie poprawy aktywno\u015bci fizycznej, kulturalnej i integracji mi\u0119dzypokoleniowej w populacji os\u00f3b starszych.<\/li>\n\n\n\n<li>Edukacja spo\u0142ecze\u0144stwa w zakresie problematyki starzenia<br>i w zakresie przygotowania do staro\u015bci.<\/li>\n\n\n\n<li>Propagowanie dzia\u0142a\u0144 maj\u0105cych na celu ochron\u0119 godno\u015bci os\u00f3b starszych we wszystkich obszarach ich funkcjonowania poprzez wskazywanie im nowych r\u00f3l i wyzwa\u0144, mi.in. poprzez autorski projekt Fundacji \u201e<em>idea gromadzenia wspomnie\u0144<\/em>\u201d.<\/li>\n\n\n\n<li>Organizowanie wydarze\u0144 aktywizuj\u0105cych osoby starsze<br>i wzmacniaj\u0105cych integracj\u0119 mi\u0119dzypokoleniow\u0105.<\/li>\n\n\n\n<li>Tworzenie warunk\u00f3w umo\u017cliwiaj\u0105cych seniorom zdobywanie wiedzy i umiej\u0119tno\u015bci u\u0142atwiaj\u0105cych codzienne funkcjonowanie<br>w dynamicznie zmieniaj\u0105cym si\u0119 otoczeniu.<\/li>\n\n\n\n<li>Propagowanie idei wolontariatu, r\u00f3wnie\u017c wolontariatu seniorzy-seniorom.<\/li>\n\n\n\n<li>Wspieranie materialne najbardziej potrzebuj\u0105cych senior\u00f3w poprzez anga\u017cowanie si\u0119 w akcje charytatywne i spo\u0142eczne.<\/li>\n\n\n\n<li>Realizacja zada\u0144 o charakterze naukowo-badawczym celem diagnozy potrzeb, oceny czynnik\u00f3w determinuj\u0105cych sytuacj\u0119 os\u00f3b starszych<br>i wypracowania rekomendacji w obszarze lokalnych polityk senioralnych.<\/li>\n\n\n\n<li>Wsp\u00f3\u0142praca z innymi organizacjami i podmiotami prywatnymi przy realizacji dzia\u0142a\u0144 zbie\u017cnych z celami fundacji.<\/li>\n<\/ol>\n\n\n\n<p><\/p>\n","protected":false},"excerpt":{"rendered":"<p>Misj\u0105 Fundacji jest:<\/p>\n","protected":false},"author":1,"featured_media":0,"parent":0,"menu_order":0,"comment_status":"closed","ping_status":"closed","template":"","meta":{"footnotes":""},"class_list":["post-138","page","type-page","status-publish","hentry"],"yoast_head":"<!-- This site is optimized with the Yoast SEO plugin v27.4 - https:\/\/yoast.com\/product\/yoast-seo-wordpress\/ -->\n<title>Nasza Misja - Fundacja System Aktywizacji Seniora<\/title>\n<meta name=\"robots\" content=\"index, follow, max-snippet:-1, max-image-preview:large, max-video-preview:-1\" \/>\n<link rel=\"canonical\" href=\"https:\/\/fundacjasas.pl\/index.php\/nasza-misja\/\" \/>\n<meta property=\"og:locale\" content=\"pl_PL\" \/>\n<meta property=\"og:type\" content=\"article\" \/>\n<meta property=\"og:title\" content=\"Nasza Misja - Fundacja System Aktywizacji Seniora\" \/>\n<meta property=\"og:description\" content=\"Misj\u0105 Fundacji jest:\" \/>\n<meta property=\"og:url\" content=\"https:\/\/fundacjasas.pl\/index.php\/nasza-misja\/\" \/>\n<meta property=\"og:site_name\" content=\"Fundacja System Aktywizacji Seniora\" \/>\n<meta property=\"article:modified_time\" content=\"2025-07-06T07:29:52+00:00\" \/>\n<meta name=\"twitter:card\" content=\"summary_large_image\" \/>\n<meta name=\"twitter:label1\" content=\"Szacowany czas czytania\" \/>\n\t<meta name=\"twitter:data1\" content=\"2 minuty\" \/>\n<script type=\"application\/ld+json\" class=\"yoast-schema-graph\">{\"@context\":\"https:\\\/\\\/schema.org\",\"@graph\":[{\"@type\":\"WebPage\",\"@id\":\"https:\\\/\\\/fundacjasas.pl\\\/index.php\\\/nasza-misja\\\/\",\"url\":\"https:\\\/\\\/fundacjasas.pl\\\/index.php\\\/nasza-misja\\\/\",\"name\":\"Nasza Misja - Fundacja System Aktywizacji Seniora\",\"isPartOf\":{\"@id\":\"https:\\\/\\\/fundacjasas.pl\\\/#website\"},\"datePublished\":\"2025-07-06T07:29:51+00:00\",\"dateModified\":\"2025-07-06T07:29:52+00:00\",\"breadcrumb\":{\"@id\":\"https:\\\/\\\/fundacjasas.pl\\\/index.php\\\/nasza-misja\\\/#breadcrumb\"},\"inLanguage\":\"pl-PL\",\"potentialAction\":[{\"@type\":\"ReadAction\",\"target\":[\"https:\\\/\\\/fundacjasas.pl\\\/index.php\\\/nasza-misja\\\/\"]}]},{\"@type\":\"BreadcrumbList\",\"@id\":\"https:\\\/\\\/fundacjasas.pl\\\/index.php\\\/nasza-misja\\\/#breadcrumb\",\"itemListElement\":[{\"@type\":\"ListItem\",\"position\":1,\"name\":\"Home\",\"item\":\"https:\\\/\\\/fundacjasas.pl\\\/\"},{\"@type\":\"ListItem\",\"position\":2,\"name\":\"Nasza Misja\"}]},{\"@type\":\"WebSite\",\"@id\":\"https:\\\/\\\/fundacjasas.pl\\\/#website\",\"url\":\"https:\\\/\\\/fundacjasas.pl\\\/\",\"name\":\"Fundacja System Aktywizacji Seniora\",\"description\":\"\",\"publisher\":{\"@id\":\"https:\\\/\\\/fundacjasas.pl\\\/#organization\"},\"potentialAction\":[{\"@type\":\"SearchAction\",\"target\":{\"@type\":\"EntryPoint\",\"urlTemplate\":\"https:\\\/\\\/fundacjasas.pl\\\/?s={search_term_string}\"},\"query-input\":{\"@type\":\"PropertyValueSpecification\",\"valueRequired\":true,\"valueName\":\"search_term_string\"}}],\"inLanguage\":\"pl-PL\"},{\"@type\":\"Organization\",\"@id\":\"https:\\\/\\\/fundacjasas.pl\\\/#organization\",\"name\":\"Fundacja System Aktywizacji Seniora\",\"url\":\"https:\\\/\\\/fundacjasas.pl\\\/\",\"logo\":{\"@type\":\"ImageObject\",\"inLanguage\":\"pl-PL\",\"@id\":\"https:\\\/\\\/fundacjasas.pl\\\/#\\\/schema\\\/logo\\\/image\\\/\",\"url\":\"https:\\\/\\\/fundacjasas.pl\\\/wp-content\\\/uploads\\\/2025\\\/07\\\/cropped-logo-senior-FSAS-2.jpg\",\"contentUrl\":\"https:\\\/\\\/fundacjasas.pl\\\/wp-content\\\/uploads\\\/2025\\\/07\\\/cropped-logo-senior-FSAS-2.jpg\",\"width\":700,\"height\":250,\"caption\":\"Fundacja System Aktywizacji Seniora\"},\"image\":{\"@id\":\"https:\\\/\\\/fundacjasas.pl\\\/#\\\/schema\\\/logo\\\/image\\\/\"}}]}<\/script>\n<!-- \/ Yoast SEO plugin. -->","yoast_head_json":{"title":"Nasza Misja - Fundacja System Aktywizacji Seniora","robots":{"index":"index","follow":"follow","max-snippet":"max-snippet:-1","max-image-preview":"max-image-preview:large","max-video-preview":"max-video-preview:-1"},"canonical":"https:\/\/fundacjasas.pl\/index.php\/nasza-misja\/","og_locale":"pl_PL","og_type":"article","og_title":"Nasza Misja - Fundacja System Aktywizacji Seniora","og_description":"Misj\u0105 Fundacji jest:","og_url":"https:\/\/fundacjasas.pl\/index.php\/nasza-misja\/","og_site_name":"Fundacja System Aktywizacji Seniora","article_modified_time":"2025-07-06T07:29:52+00:00","twitter_card":"summary_large_image","twitter_misc":{"Szacowany czas czytania":"2 minuty"},"schema":{"@context":"https:\/\/schema.org","@graph":[{"@type":"WebPage","@id":"https:\/\/fundacjasas.pl\/index.php\/nasza-misja\/","url":"https:\/\/fundacjasas.pl\/index.php\/nasza-misja\/","name":"Nasza Misja - Fundacja System Aktywizacji Seniora","isPartOf":{"@id":"https:\/\/fundacjasas.pl\/#website"},"datePublished":"2025-07-06T07:29:51+00:00","dateModified":"2025-07-06T07:29:52+00:00","breadcrumb":{"@id":"https:\/\/fundacjasas.pl\/index.php\/nasza-misja\/#breadcrumb"},"inLanguage":"pl-PL","potentialAction":[{"@type":"ReadAction","target":["https:\/\/fundacjasas.pl\/index.php\/nasza-misja\/"]}]},{"@type":"BreadcrumbList","@id":"https:\/\/fundacjasas.pl\/index.php\/nasza-misja\/#breadcrumb","itemListElement":[{"@type":"ListItem","position":1,"name":"Home","item":"https:\/\/fundacjasas.pl\/"},{"@type":"ListItem","position":2,"name":"Nasza Misja"}]},{"@type":"WebSite","@id":"https:\/\/fundacjasas.pl\/#website","url":"https:\/\/fundacjasas.pl\/","name":"Fundacja System Aktywizacji Seniora","description":"","publisher":{"@id":"https:\/\/fundacjasas.pl\/#organization"},"potentialAction":[{"@type":"SearchAction","target":{"@type":"EntryPoint","urlTemplate":"https:\/\/fundacjasas.pl\/?s={search_term_string}"},"query-input":{"@type":"PropertyValueSpecification","valueRequired":true,"valueName":"search_term_string"}}],"inLanguage":"pl-PL"},{"@type":"Organization","@id":"https:\/\/fundacjasas.pl\/#organization","name":"Fundacja System Aktywizacji Seniora","url":"https:\/\/fundacjasas.pl\/","logo":{"@type":"ImageObject","inLanguage":"pl-PL","@id":"https:\/\/fundacjasas.pl\/#\/schema\/logo\/image\/","url":"https:\/\/fundacjasas.pl\/wp-content\/uploads\/2025\/07\/cropped-logo-senior-FSAS-2.jpg","contentUrl":"https:\/\/fundacjasas.pl\/wp-content\/uploads\/2025\/07\/cropped-logo-senior-FSAS-2.jpg","width":700,"height":250,"caption":"Fundacja System Aktywizacji Seniora"},"image":{"@id":"https:\/\/fundacjasas.pl\/#\/schema\/logo\/image\/"}}]}},"_links":{"self":[{"href":"https:\/\/fundacjasas.pl\/index.php\/wp-json\/wp\/v2\/pages\/138","targetHints":{"allow":["GET"]}}],"collection":[{"href":"https:\/\/fundacjasas.pl\/index.php\/wp-json\/wp\/v2\/pages"}],"about":[{"href":"https:\/\/fundacjasas.pl\/index.php\/wp-json\/wp\/v2\/types\/page"}],"author":[{"embeddable":true,"href":"https:\/\/fundacjasas.pl\/index.php\/wp-json\/wp\/v2\/users\/1"}],"replies":[{"embeddable":true,"href":"https:\/\/fundacjasas.pl\/index.php\/wp-json\/wp\/v2\/comments?post=138"}],"version-history":[{"count":1,"href":"https:\/\/fundacjasas.pl\/index.php\/wp-json\/wp\/v2\/pages\/138\/revisions"}],"predecessor-version":[{"id":139,"href":"https:\/\/fundacjasas.pl\/index.php\/wp-json\/wp\/v2\/pages\/138\/revisions\/139"}],"wp:attachment":[{"href":"https:\/\/fundacjasas.pl\/index.php\/wp-json\/wp\/v2\/media?parent=138"}],"curies":[{"name":"wp","href":"https:\/\/api.w.org\/{rel}","templated":true}]}}